{"id":990,"date":"2015-05-26T14:59:36","date_gmt":"2015-05-26T12:59:36","guid":{"rendered":"http:\/\/milosierdzienagorki.pl\/?page_id=990"},"modified":"2018-06-05T09:29:55","modified_gmt":"2018-06-05T07:29:55","slug":"sakramenty","status":"publish","type":"page","link":"https:\/\/milosierdzienagorki.pl\/?page_id=990","title":{"rendered":"Sakramenty"},"content":{"rendered":"<p style=\"text-align: justify;\">\n<blockquote>\n<p class=\"p1\" style=\"text-align: justify;\"><span class=\"s1\" style=\"color: #800000;\">Chrzest \u015bwi\u0119ty jest fundamentem ca\u0142ego \u017cycia chrze\u015bcija\u0144skiego, bram\u0105 \u017cycia w Duchu i bram\u0105 otwieraj\u0105c\u0105 dost\u0119p do innych sakrament\u00f3w. Przez chrzest zostajemy wyzwoleni od grzechu i odrodzeni jako synowie Bo\u017cy, stajemy si\u0119 cz\u0142onkami Chrystusa oraz zostajemy wszczepieni w Ko\u015bci\u00f3\u0142 i stajemy si\u0119 uczestnikami jego pos\u0142ania. Chrzest jest sakramentem odrodzenia przez wod\u0119 i w s\u0142owie.<\/span><\/p>\n<p style=\"text-align: justify;\"><span style=\"color: #800000;\"><strong class=\"et_pb_testimonial_author\">KKK 1213<\/strong><\/span><\/p>\n<p class=\"p1\" style=\"text-align: justify;\">Chrzest \u015bwi\u0119ty jest fundamentem ca\u0142ego \u017cycia chrze\u015bcija\u0144skiego, bram\u0105 \u017cycia w Duchu i bram\u0105 otwieraj\u0105c\u0105 dost\u0119p do innych sakrament\u00f3w. Przez chrzest zostajemy wyzwoleni od grzechu i odrodzeni jako synowie Bo\u017cy, stajemy si\u0119 cz\u0142onkami Chrystusa oraz zostajemy wszczepieni w Ko\u015bci\u00f3\u0142 i stajemy si\u0119 uczestnikami jego pos\u0142ania. Chrzest jest sakramentem odrodzenia przez wod\u0119 i w s\u0142owie.<\/p>\n<p class=\"p1\" style=\"text-align: justify;\"><span style=\"color: #000080;\"><strong><span class=\"s1\">Chrzest Dzieci:<\/span><\/strong><\/span><\/p>\n<p class=\"p1\" style=\"text-align: justify;\"><span class=\"s2\">\u2022 <\/span><span class=\"s1\">Sakrament chrztu \u015bwi\u0119tego udzielany jest w\u00a0 niedziel\u0119 o godz. 12.00, w pierwszy i drugi dzie\u0144 \u015awi\u0105t Wielkanocnych oraz Bo\u017cego Narodzenia na Mszy \u015bw. o godz. 12.00. Termin po uzgodnieniu w kancelarii mo\u017ce by\u0107 inny<br \/>\n<\/span>\u2022 W ci\u0105gu dw\u00f3ch tygodni przed planowanym terminem chrztu (nie wcze\u015bniej) nale\u017cy w kancelarii parafialnej zg\u0142osi\u0107 dziecko do sakramentu przedstawiaj\u0105c nast\u0119puj\u0105ce dokumenty:<br \/>\n<span class=\"s1\">\u2022 akt urodzenia dziecka z USC<br \/>\n<\/span><span class=\"s1\">\u2022 za\u015bwiadczenia rodzic\u00f3w chrzestnych wystawione przez parafi\u0119 miejsca ich zamieszkania (nie zameldowania!!!), je\u017celi nie s\u0105 z naszej parafii<br \/>\n<\/span><span class=\"s1\">\u2022 dane rodzic\u00f3w i chrzestnych (imiona, nazwiska, wiek, adresy zamieszkania)<br \/>\n<\/span>\u2022\u00a0Rodzice i chrzestni sk\u0142adaj\u0105 podpisy w Ksi\u0119gach Chrztu 15 minut przed rozpocz\u0119ciem Mszy \u015awietej w zakrystii ko\u015bcio\u0142a (uzupe\u0142niaj\u0105 ewentualnie brakuj\u0105ce dane).<\/p>\n<p class=\"p1\" style=\"text-align: justify;\"><span style=\"color: #000080;\"><strong><span class=\"s1\">Kto mo\u017ce by\u0107 Ojcem lub Matk\u0105 Chrzestn\u0105<\/span><\/strong><\/span><\/p>\n<p class=\"p1\" style=\"text-align: justify;\"><span class=\"s1\">Wed\u0142ug Kodeksu Prawa Kanonicznego do przyj\u0119cia zdania chrzestnego mo\u017ce by\u0107 dopuszczony ten, kto:<br \/>\n<\/span>\u2022 jest wyznaczony przez przyjmuj\u0105cego chrzest albo przez jego rodzic\u00f3w, albo przez tego, kto ich zast\u0119puje, a gdy tych nie ma, przez proboszcza lub szafarza chrztu i posiada wymagane do tego kwalifikacje oraz intencje pe\u0142nienia tego zadania;<br \/>\n\u2022 uko\u0144czy\u0142 16 lat, chyba, \u017ce biskup diecezjalny okre\u015bli\u0142 inny zalecany wiek albo proboszcz lub szafarz jest zdania, \u017ce s\u0142uszna przyczyna zaleca dopuszczenie wyj\u0105tku;<br \/>\n\u2022 jest praktykuj\u0105cym katolikiem, bierzmowanym i przyj\u0105\u0142 sakrament Naj\u015bwi\u0119tszej Eucharystii oraz \u017cycie zgodne z wiar\u0105 i odpowiadaj\u0105ce funkcji, jak\u0105 ma pe\u0142ni\u0107;<br \/>\n\u2022 je\u017celi s\u0105 ma\u0142\u017ce\u0144stwem \u2013 czyli s\u0105 ma\u0142\u017ce\u0144stwem sakramentalnym \u2013 posiadaj\u0105 \u015blub ko\u015bcielny (osoby, kt\u00f3re \u017cyj\u0105 w zwi\u0105zkach cywilnych lub bez \u017cadnego zwi\u0105zku nie mog\u0105 by\u0107 rodzicami chrzestnymi!!!)<\/p>\n<p class=\"p1\" style=\"text-align: justify;\"><span style=\"color: #000080;\"><strong><span class=\"s1\">Chrzest doros\u0142ych<span style=\"color: #000080;\"><strong><span class=\"s1\"><span class=\"s1\"><br \/>\n<\/span><span class=\"s1\" style=\"color: #000000;\">\u00a0\u2022 W przypadku os\u00f3b doros\u0142ych, proszone s\u0105 one o bezpo\u015bredni kontakt z kt\u00f3rym\u015b z kap\u0142an\u00f3w pracuj\u0105cych w parafii.<\/span><\/span><\/strong><\/span><\/span><\/strong><\/span><\/p>\n<\/blockquote>\n<p>&nbsp;<\/p>\n","protected":false},"excerpt":{"rendered":"<p>Chrzest \u015bwi\u0119ty jest fundamentem ca\u0142ego \u017cycia chrze\u015bcija\u0144skiego, bram\u0105 \u017cycia w Duchu i bram\u0105 otwieraj\u0105c\u0105 dost\u0119p do innych sakrament\u00f3w. Przez chrzest zostajemy wyzwoleni od grzechu i odrodzeni jako synowie Bo\u017cy, stajemy si\u0119 cz\u0142onkami Chrystusa oraz zostajemy wszczepieni w Ko\u015bci\u00f3\u0142 i stajemy si\u0119 uczestnikami jego pos\u0142ania. Chrzest jest sakramentem odrodzenia przez wod\u0119 i w s\u0142owie. KKK 1213 &#8230; <span class=\"more\"><a class=\"more-link\" href=\"https:\/\/milosierdzienagorki.pl\/?page_id=990\">Wi\u0119cej&#8230;<\/a><\/span><\/p>\n","protected":false},"author":2,"featured_media":0,"parent":0,"menu_order":0,"comment_status":"open","ping_status":"open","template":"","meta":[],"_links":{"self":[{"href":"https:\/\/milosierdzienagorki.pl\/index.php?rest_route=\/wp\/v2\/pages\/990"}],"collection":[{"href":"https:\/\/milosierdzienagorki.pl\/index.php?rest_route=\/wp\/v2\/pages"}],"about":[{"href":"https:\/\/milosierdzienagorki.pl\/index.php?rest_route=\/wp\/v2\/types\/page"}],"author":[{"embeddable":true,"href":"https:\/\/milosierdzienagorki.pl\/index.php?rest_route=\/wp\/v2\/users\/2"}],"replies":[{"embeddable":true,"href":"https:\/\/milosierdzienagorki.pl\/index.php?rest_route=%2Fwp%2Fv2%2Fcomments&post=990"}],"version-history":[{"count":3,"href":"https:\/\/milosierdzienagorki.pl\/index.php?rest_route=\/wp\/v2\/pages\/990\/revisions"}],"predecessor-version":[{"id":2927,"href":"https:\/\/milosierdzienagorki.pl\/index.php?rest_route=\/wp\/v2\/pages\/990\/revisions\/2927"}],"wp:attachment":[{"href":"https:\/\/milosierdzienagorki.pl\/index.php?rest_route=%2Fwp%2Fv2%2Fmedia&parent=990"}],"curies":[{"name":"wp","href":"https:\/\/api.w.org\/{rel}","templated":true}]}}