{"id":483,"date":"2015-04-25T08:51:04","date_gmt":"2015-04-25T06:51:04","guid":{"rendered":"http:\/\/milosierdzienagorki.pl\/?page_id=483"},"modified":"2015-05-06T00:20:02","modified_gmt":"2015-05-05T22:20:02","slug":"spowiedz","status":"publish","type":"page","link":"https:\/\/milosierdzienagorki.pl\/?page_id=483","title":{"rendered":"Spowied\u017a"},"content":{"rendered":"<p style=\"text-align: justify;\"><strong>Warunki do wa\u017cno\u015bci<br \/>\nSakramentu Pokuty<\/strong><\/p>\n<p style=\"text-align: justify;\">1\u00a0Rachunek Sumienia<\/p>\n<p style=\"text-align: justify;\">2. \u017bal za grzechy<\/p>\n<p style=\"text-align: justify;\">3. Postanowienie poprawy<\/p>\n<p style=\"text-align: justify;\">4. Szczera spowied\u017a<\/p>\n<p style=\"text-align: justify;\">5. Zado\u015b\u0107uczynienie Panu Bogu i bli\u017aniemu<\/p>\n<p style=\"text-align: justify;\"><strong>\u00a0<\/strong><\/p>\n<p style=\"text-align: center;\"><strong>RACHUNEK SUMIENIA dla m\u0142odzie\u017cy i doros\u0142ych na podstawie pierwszego przykazania <\/strong><\/p>\n<p style=\"text-align: justify;\"><strong>\u00a0<\/strong><\/p>\n<p style=\"text-align: justify;\">Nikt nie jest w stanie uzasadni\u0107 \u017ce Boga nie ma. Ma\u0142o kto powie \u017ce B\u00f3g jest nie wa\u017cny: kasa, przyja\u017a\u0144, hobby i B\u00f3g te\u017c&#8230; \u00a0Problem w tym, \u017ce w takiej kolejno\u015bci B\u00f3g nie jest jedyny ale jest jednym z, a w ksi\u0119dze Wyj\u015bcia jest napisane: <strong>Nie b\u0119dziesz mia\u0142 Bog\u00f3w cudzych obok Mnie.<\/strong><\/p>\n<p style=\"text-align: justify;\">Kto\u015b lub co\u015b staje obok i zaczyna ci\u0105gn\u0105\u0107 serce w innym kierunku by nie opiera\u0107 si\u0119 tylko na samym Bogu.\u00a0 Kiedy ludzie lub cokolwiek innego staje si\u0119 wa\u017cniejsze, B\u00f3g jest spychany z toru bo nie mog\u0105 oni wszyscy zabezpieczy\u0107 mojego \u017cycia. Dop\u00f3ki nie uznam Boga za <strong>najwy\u017csz\u0105 warto\u015b\u0107<\/strong> zaraz wykreuje co\u015b nowego. Serce nie lubi pustki. Cz\u0142owiek ma pokus\u0119 oparcia si\u0119 na czym\u015b co nie jest Bogiem.<\/p>\n<p style=\"text-align: justify;\">Co z\u0142ego \u017ce potrzebuj\u0119 pieni\u0119dzy,\u00a0 rozrywki przyjaciela? B\u0142\u0119dne nie jest to, \u017ce chc\u0119 by\u0107 bezpieczny ale z\u0142e\u00a0 jest to \u017ce robi\u0119 i szukam wsz\u0119dzie ale nie w Bogu. Opieranie, zabezpieczanie si\u0119 w kim\u015b, czym\u015b kto nie jest Bogiem jest grzechem.<\/p>\n<p style=\"text-align: justify;\">Co robi B\u00f3g? B\u00f3g jest zazdrosny. Do mnie nale\u017cysz Ja Ci\u0119 stworzy\u0142em. B\u00f3g zaczyna walczy\u0107 o cz\u0142owieka\u2026\u00a0 Oto kilka przyk\u0142ad\u00f3w kto zast\u0119puje Ci Boga, na czym si\u0119 opieram, kim si\u0119 zabezpieczam.<\/p>\n<p style=\"text-align: justify;\"><strong>\u00a0<\/strong><\/p>\n<p style=\"text-align: justify;\"><strong>(Popro\u015b o \u0142ask\u0119 poznania swoich grzech\u00f3w, nie \u015bpiesz\u0105c si\u0119 przeczytaj kilka razy S\u0142owo Bo\u017ce)<\/strong><\/p>\n<p style=\"text-align: justify;\"><strong>\u00a0<\/strong><\/p>\n<p style=\"text-align: justify;\"><strong>Mt 6 19-21 ,24<\/strong><\/p>\n<p style=\"text-align: justify;\">Nie gromad\u017acie sobie skarb\u00f3w na ziemi, gdzie m\u00f3l i rdza niszcz\u0105 i gdzie z\u0142odzieje w\u0142amuj\u0105 si\u0119, i kradn\u0105. Gromad\u017acie sobie skarby w niebie, gdzie ani m\u00f3l, ani nie kradn\u0105. Bo gdzie jest tw\u00f3j skarb, tam b\u0119dzie i serce twoje. Nikt nie mo\u017ce dwom panom s\u0142u\u017cy\u0107. Bo albo jednego b\u0119dzie nienawidzi\u0142, a drugiego b\u0119dzie mi\u0142owa\u0142; albo z jednym b\u0119dzie trzyma\u0142, a drugim wzgardzi. Nie mo\u017cecie s\u0142u\u017cy\u0107 Bogu i Mamonie.<\/p>\n<p style=\"text-align: justify;\">1. Bogiem mo\u017ce by\u0107 Mama i Tata (tylko wtedy gdy bardziej\u00a0 kierujemy si\u0119 tym co m\u00f3wi\u0105 rodzice a nie B\u00f3g) Jaki mam stosunek do rodzic\u00f3w?<\/p>\n<p style=\"text-align: justify;\">2. Dla ch\u0142opaka Bogiem mo\u017ce by\u0107 dziewczyna i odwrotnie, przyjaciel. Wtedy gdy szukasz ciep\u0142a i spe\u0142nienia w cz\u0142owieku.<\/p>\n<p style=\"text-align: justify;\">3. Podlizywanie si\u0119 \u017ceby zabezpieczy\u0107 swoj\u0105 przysz\u0142o\u015b\u0107, pozycj\u0119 w klasie\/pracy czy grupie. Jaki mam stosunek do r\u00f3wie\u015bnik\u00f3w?<\/p>\n<p style=\"text-align: justify;\">4. Uk\u0142ady, kliki, zamkni\u0119cie w sobie, B\u00f3g chce to udaremni\u0107 tym bardziej im bardziej na czym\u015b komu\u015b zale\u017cy. Je\u015bli B\u00f3g widzi \u017ce jeste\u015b wolny to da Ci du\u017co.<\/p>\n<p style=\"text-align: justify;\">5. Pieni\u0105dze wtedy gdy staj\u0105 si\u0119 wa\u017cniejsze ni\u017c cz\u0142owiek, a nawet B\u00f3g.<\/p>\n<p style=\"text-align: justify;\">6. Jedzenie (Gdy to co zwyk\u0142e Ci nie wystarcza i szukasz ci\u0105gle nowych smak\u00f3w, b\u0105d\u017a gdy przesadnie odmawiasz sobie jedzenia)<\/p>\n<p style=\"text-align: justify;\">7. Wiedza i w\u0142adza (kult rozumu)<\/p>\n<p style=\"text-align: justify;\">8. Ja i moje Ja, moja racja, <strong>ka\u017cdy ma tego bo\u017cka<\/strong> Pan B\u00f3g posy\u0142a ludzi by powiedzieli \u017ce nie nam si\u0119 nale\u017cy, \u017ce nie jeste\u015bmy p\u0119pkiem \u015bwiata.<\/p>\n<p style=\"text-align: justify;\">9. Moje zdrowie- <strong>B\u00f3g jest najwa\u017cniejszy, zdrowie nie jest najwa\u017cniejsze<\/strong><\/p>\n<p style=\"text-align: justify;\">10. Narkotyki, papierosy.<\/p>\n<p style=\"text-align: justify;\">11. Erotyka (rozbudzanie nieczystych my\u015bli, filmy pornograficzne, masturbacja, sex to grzechy seksualne) w Maryi jest ratunek, trzeba wi\u0119c modli\u0107 si\u0119 do Maryi. (R\u00f3\u017caniec)<\/p>\n<p style=\"text-align: justify;\">12. Hobby, sport, muzyka, jakie miejsce B\u00f3g, a jakie hobby?<\/p>\n<p style=\"text-align: justify;\">13. \u015arodki multimedialne Ile czasu przed komputerem, telewizorem lub telefonem,<span style=\"line-height: 1.5;\">a ile przed Bogiem?<\/span><\/p>\n<p style=\"text-align: justify;\"><em><span style=\"text-decoration: underline;\">Na koniec Rachunku sumienia postaraj si\u0119 u\u0142o\u017cy\u0107\u00a0 piramid\u0119 warto\u015bci. U podstawy piramidy umie\u015b\u0107 warto\u015bci najmniej wa\u017cne, u szczytu najwa\u017cniejsze. Na koniec uczciwie popatrz jakie warto\u015bci s\u0105 najwa\u017cniejsze dla Ciebie \u00a0i por\u00f3wnaj z tym \u00a0jak powinno by\u0107<a href=\"#_ftn1\" name=\"_ftnref1\"><strong><span style=\"text-decoration: underline;\">[1]<\/span><\/strong><\/a>.<\/span><\/em><\/p>\n<p style=\"text-align: center;\"><strong>Przebieg Spowiedzi \u015awi\u0119tej<\/strong><\/p>\n<p style=\"text-align: justify;\"><strong>Penitent:<\/strong> Niech b\u0119dzie pochwalony Jezus Chrystus<\/p>\n<p style=\"text-align: justify;\">W imi\u0119 Ojca i Syna i Ducha \u015awi\u0119tego.<\/p>\n<p style=\"text-align: justify;\">Mam&#8230;lat. Ostatni raz u spowiedzi by\u0142em (am)&#8230; Zadan\u0105 pokut\u0119 odprawi\u0142em (am)\/nie odprawi\u0142em (am). Rozgrzeszenie otrzyma\u0142em (am)\/nie otrzyma\u0142em (am)\/nie otrzyma\u0142em (am). Podczas ostatniej spowiedzi nie zapomnia\u0142em (am), ani nie zatai\u0142em (am) \u017cadnego grzechu. (<em>Je\u015bli zatai\u0142em lub zapomnia\u0142em, nale\u017cy wyzna\u0107 go podczas spowiedzi \u015bw.<\/em>)<\/p>\n<p style=\"text-align: justify;\">Obrazi\u0142em (am) Pana Boga nast\u0119puj\u0105cymi grzechami:&#8230; (<em>wyznanie grzech\u00f3w, konkrety bez szczeg\u00f3\u0142\u00f3w, grzechy ci\u0119\u017ckie tak\u017ce co do liczby, mo\u017cna w przybli\u017ceniu poda\u0107<\/em>)<\/p>\n<p style=\"text-align: justify;\"><strong>Penitent po wyznaniu grzech\u00f3w: <\/strong>Wi\u0119cej grzech\u00f3w nie pami\u0119tam. Za wszystkie grzechy \u017ca\u0142uj\u0119 i obiecuj\u0119 si\u0119 poprawi\u0107, a ciebie, ojcze, prosz\u0119 o pokut\u0119<br \/>\ni rozgrzeszenie.<\/p>\n<p style=\"text-align: justify;\"><em>(Spowiednik wyg\u0142asza nauk\u0119, wyznacza pokut\u0119 i zach\u0119ca do \u017calu za grzechy)<\/em><\/p>\n<p style=\"text-align: justify;\"><strong>Penitent wzbudza akt \u017calu, np.: <\/strong>Bo\u017ce, b\u0105d\u017a mi\u0142o\u015bciw mnie grzesznemu.<\/p>\n<p style=\"text-align: justify;\"><em>(Spowiednik udziela rozgrzeszenia) B\u00f3g, Ojciec mi\u0142osierdzia, kt\u00f3ry pojedna\u0142 \u015bwiat ze sob\u0105 przez \u015bmier\u0107 i zmartwychwstanie swojego Syna i zes\u0142a\u0142 Ducha \u015awi\u0119tego na odpuszczenie grzech\u00f3w, niech ci udzieli przebaczenia i pokoju przez pos\u0142ug\u0119 Ko\u015bcio\u0142a. I ja odpuszczam tobie grzechy w imi\u0119 Ojca i Syna, i Ducha \u015awi\u0119tego. <\/em><\/p>\n<p style=\"text-align: justify;\"><strong>Penitent: <\/strong>Amen<\/p>\n<p style=\"text-align: justify;\"><strong>Spowiednik: <\/strong>Wys\u0142awiajmy Pana, bo jest dobry.<\/p>\n<p style=\"text-align: justify;\"><strong>Penitent: <\/strong>Bo Jego mi\u0142osierdzie trwa na wieki.<\/p>\n<p style=\"text-align: justify;\"><strong>Spowiednik: <\/strong>Pan odpu\u015bci\u0142 Ci grzechy. Id\u017a w pokoju<\/p>\n<p style=\"text-align: justify;\"><a href=\"#_ftnref1\" name=\"_ftn1\">[1]<\/a>\u00a0Rachunek sumienia na podstawie rekolekcji prowadzonych przez ks. Tomasza Poca\u0142ujko.<\/p>\n","protected":false},"excerpt":{"rendered":"<p>Warunki do wa\u017cno\u015bci Sakramentu Pokuty 1\u00a0Rachunek Sumienia 2. \u017bal za grzechy 3. Postanowienie poprawy 4. Szczera spowied\u017a 5. Zado\u015b\u0107uczynienie Panu Bogu i bli\u017aniemu \u00a0 RACHUNEK SUMIENIA dla m\u0142odzie\u017cy i doros\u0142ych na podstawie pierwszego przykazania \u00a0 Nikt nie jest w stanie uzasadni\u0107 \u017ce Boga nie ma. Ma\u0142o kto powie \u017ce B\u00f3g jest nie wa\u017cny: kasa, przyja\u017a\u0144, &#8230; <span class=\"more\"><a class=\"more-link\" href=\"https:\/\/milosierdzienagorki.pl\/?page_id=483\">Wi\u0119cej&#8230;<\/a><\/span><\/p>\n","protected":false},"author":4,"featured_media":0,"parent":0,"menu_order":0,"comment_status":"open","ping_status":"open","template":"","meta":[],"_links":{"self":[{"href":"https:\/\/milosierdzienagorki.pl\/index.php?rest_route=\/wp\/v2\/pages\/483"}],"collection":[{"href":"https:\/\/milosierdzienagorki.pl\/index.php?rest_route=\/wp\/v2\/pages"}],"about":[{"href":"https:\/\/milosierdzienagorki.pl\/index.php?rest_route=\/wp\/v2\/types\/page"}],"author":[{"embeddable":true,"href":"https:\/\/milosierdzienagorki.pl\/index.php?rest_route=\/wp\/v2\/users\/4"}],"replies":[{"embeddable":true,"href":"https:\/\/milosierdzienagorki.pl\/index.php?rest_route=%2Fwp%2Fv2%2Fcomments&post=483"}],"version-history":[{"count":17,"href":"https:\/\/milosierdzienagorki.pl\/index.php?rest_route=\/wp\/v2\/pages\/483\/revisions"}],"predecessor-version":[{"id":887,"href":"https:\/\/milosierdzienagorki.pl\/index.php?rest_route=\/wp\/v2\/pages\/483\/revisions\/887"}],"wp:attachment":[{"href":"https:\/\/milosierdzienagorki.pl\/index.php?rest_route=%2Fwp%2Fv2%2Fmedia&parent=483"}],"curies":[{"name":"wp","href":"https:\/\/api.w.org\/{rel}","templated":true}]}}