{"id":4741,"date":"2023-05-05T09:48:10","date_gmt":"2023-05-05T07:48:10","guid":{"rendered":"http:\/\/milosierdzienagorki.pl\/?page_id=4741"},"modified":"2026-03-15T11:56:05","modified_gmt":"2026-03-15T10:56:05","slug":"i-komunia-sw-2024-r","status":"publish","type":"page","link":"https:\/\/milosierdzienagorki.pl\/?page_id=4741","title":{"rendered":"I Komunia \u015aw. 2026 r. oraz 2027 r."},"content":{"rendered":"<p style=\"text-align: center;\"><span style=\"color: #ff0000;\"><strong>Uroczysto\u015bci Pierwszej Komunii \u015awi\u0119tej w 2026r.<\/strong><\/span><\/p>\n<p style=\"text-align: center;\"><em><span style=\"color: #ff0000;\">Przypominamy rodzicom dzieci przygotowuj\u0105cych si\u0119 do przyj\u0119cia I Komunii \u015bwi\u0119tej w naszej parafii o spotkaniach formacyjnych, kt\u00f3re odb\u0119d\u0105 si\u0119 13 \u2013 go i 14 \u2013 go kwietnia o godz. 18.30 w naszym Ko\u015bciele. Obecno\u015b\u0107 jest obowi\u0105zkowa.<\/span><\/em><\/p>\n<p style=\"text-align: center;\">\n<p style=\"text-align: center;\">Terminy:<\/p>\n<p style=\"text-align: center;\"><strong>SP12 &#8211; 23.05.2026r.<\/strong><br \/>\ngodz. 10:00 klasa III A i B<br \/>\ngodz. 12:30 klasa\u00a0 III C i D<\/p>\n<h1 style=\"text-align: center;\"><\/h1>\n<p style=\"text-align: center;\"><strong>SP25 &#8211; 16.05.2026r.<\/strong><br \/>\ngodz. 10:00 klasa III A i\u00a0D<br \/>\ngodz. 12:30 klasa\u00a0 III\u00a0B i\u00a0C<\/p>\n<h1 style=\"text-align: center;\"><\/h1>\n<p style=\"text-align: center;\"><strong>Uczniowie spoza SP12 i SP25\u00a0&#8211; 16.05.2026r.<br \/>\n<\/strong>godz. 10:00 (Komunia razem z SP25)<\/p>\n<h1 style=\"text-align: center;\"><\/h1>\n<p style=\"text-align: center;\"><strong>ZPE &#8211; 09.05.2026r.<br \/>\n<\/strong>godz. 10:00<\/p>\n<h4 style=\"text-align: center;\"><\/h4>\n<p style=\"text-align: center;\">Pliki do pobrania Komunia \u015awi\u0119ta <span style=\"text-decoration: underline;\">2026<\/span>:<\/p>\n<p style=\"text-align: center;\"><a href=\"http:\/\/milosierdzienagorki.pl\/wp-content\/uploads\/2023\/05\/DEKLARACJA-RODZIC\u00d3W.docx\">DEKLARACJA RODZIC\u00d3W<\/a><\/p>\n<p style=\"text-align: center;\"><a href=\"http:\/\/milosierdzienagorki.pl\/wp-content\/uploads\/2023\/05\/PRO\u015aBA-O-DOPUSZCZENIE-DO-SAKRAMENT\u00d3W1.doc\">PRO\u015aBA O DOPUSZCZENIE DO SAKRAMENT\u00d3W<\/a><\/p>\n<p style=\"text-align: center;\"><a href=\"http:\/\/milosierdzienagorki.pl\/wp-content\/uploads\/2023\/05\/INFORMACJA-DLA-RODZIC\u00d3W-UCZNI\u00d3W-Z-SP121.docx\">INFORMACJA DLA RODZIC\u00d3W UCZNI\u00d3W Z SP12<\/a><\/p>\n<p style=\"text-align: center;\"><a href=\"http:\/\/milosierdzienagorki.pl\/wp-content\/uploads\/2023\/05\/INFORMACJA-DLA-RODZIC\u00d3W-UCZNI\u00d3W-Z-SP25.docx\">INFORMACJA DLA RODZIC\u00d3W UCZNI\u00d3W Z SP25<\/a><\/p>\n<p style=\"text-align: center;\"><a href=\"http:\/\/milosierdzienagorki.pl\/wp-content\/uploads\/2023\/05\/INFORMACJA-DLA-RODZIC\u00d3W-UCZNI\u00d3W-SPOZA-SP25-i-SP121.docx\">INFORMACJA DLA RODZIC\u00d3W UCZNI\u00d3W SPOZA SP25 i SP12<\/a><\/p>\n<p style=\"text-align: center;\"><a href=\"http:\/\/milosierdzienagorki.pl\/wp-content\/uploads\/2023\/05\/KALENDARIUM-DLA-SP12.docx\">KALENDARIUM DLA SP12<\/a><\/p>\n<p style=\"text-align: center;\"><a href=\"http:\/\/milosierdzienagorki.pl\/wp-content\/uploads\/2023\/05\/KALENDARIUM-DLA-SP251.docx\">KALENDARIUM DLA SP25<\/a><\/p>\n<p style=\"text-align: center;\"><a href=\"http:\/\/milosierdzienagorki.pl\/wp-content\/uploads\/2023\/05\/KALENDARIUM-DLA-UCZNI\u00d3W-SPOZA-SP25-i-SP12.docx\">KALENDARIUM DLA UCZNI\u00d3W SPOZA SP25 i SP12<\/a><\/p>\n<h4 style=\"text-align: center;\"><\/h4>\n<p style=\"text-align: center;\"><span style=\"color: #ff0000;\"><strong>Uroczysto\u015bci Pierwszej Komunii \u015awi\u0119tej w\u00a02027r.<\/strong><\/span><\/p>\n<p style=\"text-align: center;\">Terminy:<\/p>\n<p style=\"text-align: center;\"><strong>SP25 &#8211; 08.05.2027r.<\/strong><br \/>\ngodz. 10:00 klasa III A i\u00a0C<br \/>\ngodz. 12:30 klasa\u00a0 III\u00a0B, D, E<\/p>\n<h1 style=\"text-align: center;\"><\/h1>\n<p style=\"text-align: center;\"><strong>SP12 &#8211; 15.05.2027r.<\/strong><br \/>\ngodz. 10:00 klasa III A i\u00a0B<br \/>\ngodz. 12:30 klasa\u00a0 III\u00a0C,\u00a0D, E<\/p>\n<h1 style=\"text-align: center;\"><\/h1>\n<p style=\"text-align: center;\"><strong>ZPE &#8211; 22.05.2027r.<br \/>\n<\/strong>godz. 10:00<\/p>\n<h1 style=\"text-align: center;\"><\/h1>\n<p style=\"text-align: center;\"><strong>Dzieci mieszkaj\u0105ce na terenie naszej parafii,<br \/>\na ucz\u0119szczaj\u0105ce do innych szk\u00f3\u0142<br \/>\n<\/strong>&#8211; termin 08.05.2027 lub 15.05.2027<br \/>\ndo ustalenia z Ks. Krzysztofem.<strong><br \/>\n<\/strong><\/p>\n<h1 style=\"text-align: center;\"><\/h1>\n<p style=\"text-align: center;\"><strong>\u00a0<\/strong><\/p>\n","protected":false},"excerpt":{"rendered":"<p>Uroczysto\u015bci Pierwszej Komunii \u015awi\u0119tej w 2026r. Przypominamy rodzicom dzieci przygotowuj\u0105cych si\u0119 do przyj\u0119cia I Komunii \u015bwi\u0119tej w naszej parafii o spotkaniach formacyjnych, kt\u00f3re odb\u0119d\u0105 si\u0119 13 \u2013 go i 14 \u2013 go kwietnia o godz. 18.30 w naszym Ko\u015bciele. Obecno\u015b\u0107 jest obowi\u0105zkowa. Terminy: SP12 &#8211; 23.05.2026r. godz. 10:00 klasa III A i B godz. 12:30 &#8230; <span class=\"more\"><a class=\"more-link\" href=\"https:\/\/milosierdzienagorki.pl\/?page_id=4741\">Wi\u0119cej&#8230;<\/a><\/span><\/p>\n","protected":false},"author":4,"featured_media":0,"parent":0,"menu_order":0,"comment_status":"closed","ping_status":"open","template":"","meta":[],"_links":{"self":[{"href":"https:\/\/milosierdzienagorki.pl\/index.php?rest_route=\/wp\/v2\/pages\/4741"}],"collection":[{"href":"https:\/\/milosierdzienagorki.pl\/index.php?rest_route=\/wp\/v2\/pages"}],"about":[{"href":"https:\/\/milosierdzienagorki.pl\/index.php?rest_route=\/wp\/v2\/types\/page"}],"author":[{"embeddable":true,"href":"https:\/\/milosierdzienagorki.pl\/index.php?rest_route=\/wp\/v2\/users\/4"}],"replies":[{"embeddable":true,"href":"https:\/\/milosierdzienagorki.pl\/index.php?rest_route=%2Fwp%2Fv2%2Fcomments&post=4741"}],"version-history":[{"count":45,"href":"https:\/\/milosierdzienagorki.pl\/index.php?rest_route=\/wp\/v2\/pages\/4741\/revisions"}],"predecessor-version":[{"id":6253,"href":"https:\/\/milosierdzienagorki.pl\/index.php?rest_route=\/wp\/v2\/pages\/4741\/revisions\/6253"}],"wp:attachment":[{"href":"https:\/\/milosierdzienagorki.pl\/index.php?rest_route=%2Fwp%2Fv2%2Fmedia&parent=4741"}],"curies":[{"name":"wp","href":"https:\/\/api.w.org\/{rel}","templated":true}]}}