{"id":469,"date":"2015-04-25T08:48:21","date_gmt":"2015-04-25T06:48:21","guid":{"rendered":"http:\/\/milosierdzienagorki.pl\/?page_id=469"},"modified":"2023-03-22T15:25:26","modified_gmt":"2023-03-22T14:25:26","slug":"apostolstwo-dobrej-smierci","status":"publish","type":"page","link":"https:\/\/milosierdzienagorki.pl\/?page_id=469","title":{"rendered":"Apostolstwo Dobrej \u015amierci"},"content":{"rendered":"<h3><span style=\"color: #000080;\">\u201eStworzy\u0142e\u015b mnie, Bo\u017ce, dla siebie i niespokojne jest moje serce, dop\u00f3ki nie spocznie w Tobie&#8230;<\/span><\/h3>\n<blockquote><p><span style=\"color: #ff0000;\"><strong><em>Dobrze \u017cy\u0107 \u2013 to wiele,<\/em><\/strong><\/span><br \/>\n<span style=\"color: #ff0000;\"> <strong><em>dobrze umrze\u0107 \u2013 to wszystko&#8230;<\/em><\/strong><\/span><\/p><\/blockquote>\n<p>Apostolstwo Dobrej \u015amierci jest zrzeszeniem modlitewnym, kt\u00f3re przypomina o pilnej konieczno\u015bci dobrego przygotowania si\u0119 do ostatecznego spotkania z Bogiem. Wst\u0119puj\u0105cy do Stowarzyszenia, poprzez swoje modlitwy i ofiary, pragn\u0105 wyjedna\u0107 \u2013 dla wiernych katolik\u00f3w \u2013 wytrwanie w \u0142asce u\u015bwi\u0119caj\u0105cej, dla oboj\u0119tnych religijnie i dla grzesznik\u00f3w \u2013 \u0142ask\u0119 nawr\u00f3cenia, oraz dla wszystkich \u2013 dobr\u0105 i \u015bwi\u0119t\u0105 \u015bmier\u0107. Realizuj\u0105c powy\u017csze cele, nale\u017c\u0105cy do Stowarzyszenia kieruj\u0105 cz\u0119sto swe my\u015bli ku wieczno\u015bci, staraj\u0105 si\u0119 wystrzega\u0107 grzechu by wzrasta\u0107 w dobru, by w ten spos\u00f3b by\u0107 gotowym na \u015bmier\u0107 w ka\u017cdej chwili \u017cycia.<\/p>\n<h3><\/h3>\n<h3><span style=\"color: #000080;\">Dla ka\u017cdej i dla ka\u017cdego&#8230;<\/span><\/h3>\n<p>ADS jest stowarzyszeniem uniwersalnym. Wystarczy wyrazi\u0107 zgod\u0119 na wpisanie do Ksi\u0119gi, i tym samym powierzy\u0107 ostatni\u0105 chwil\u0119 \u017cycia opiece Maryi, Matki Bolesnej. Na potwierdzenie otrzymuje si\u0119 \u015bwiadectwo &#8211; ksi\u0105\u017ceczk\u0119.<\/p>\n<p>Nie ma \u017cadnych zobowi\u0105za\u0144 odno\u015bnie \u0107wicze\u0144, modlitw czy op\u0142at. Zach\u0119ca si\u0119 do codziennego rachunku sumienia, a tak\u017ce udzia\u0142u w dniach skupienia i rekolekcjach organizowanych w wielu regionach Polski.<\/p>\n<p>Grupy Apostolstwa \u017cywi\u0105 szczeg\u00f3lne nabo\u017ce\u0144stwo do Matki Bo\u017cej Bolesnej i \u015bw. J\u00f3zefa, maj\u0105 udzia\u0142 w zas\u0142ugach p\u0142yn\u0105cych ze wsp\u00f3lnych modlitw, uczestnicz\u0105 w przywilejach i \u0142askach, b\u0119d\u0105cych owocami odprawianych ka\u017cdego dnia Mszach \u015aw. w ich intencji.<\/p>\n<h3><\/h3>\n<h3><span style=\"color: #000080;\">R\u00f3\u017caniec do Siedmiu bole\u015bci Matki Bo\u017cej<\/span><\/h3>\n<p>Stowarzyszenie propaguje odmawianie R\u00f3\u017ca\u0144ca do Siedmiu Bole\u015bci Matki Bo\u017cej. Wydaje tak\u017ce informacyjny biuletyn \u201eNadzieja i \u017bycie\u201d, w kt\u00f3rym czytelnicy dziel\u0105 si\u0119 do\u015bwiadczeniem uzyskanych \u0142ask dla swoich bliskich, a tak\u017ce przemiany ich serca, zw\u0142aszcza w ostatnich godzinach \u017cycia. Liczne \u015bwiadectwa i listy potwierdzaj\u0105, jak wielu odchodzi\u0142o z tego \u015bwiata pojednanych z Bogiem, pe\u0142nych pogodnej nadziei.<\/p>\n<p>Cz\u0142onkowie oraz zelatorzy ADS mog\u0105 korzysta\u0107 z odpust\u00f3w, po wype\u0142nieniu odpowiednich praktyk pobo\u017cnych.<\/p>\n<h3><\/h3>\n<h3><span style=\"color: #000080;\">Historia Stowarzyszenia \u015bci\u015ble zwi\u0105zana z kultem Matki Boskiej Bolesnej<\/span><\/h3>\n<p>Kult ten ma swoje g\u0142\u00f3wne \u017ar\u00f3d\u0142o w Ewangelii, a jego podstaw\u0105 s\u0105 prorocze s\u0142owa starca Symeona:<em>\u00a0&#8222;A Twoj\u0105 dusz\u0119 przeniknie miecz&#8221; (\u0141k 2,35)<\/em>. Szczytowym momentem bole\u015bci Maryi jest Jej obecno\u015b\u0107 pod Krzy\u017cem Chrystusa, Jej Syna (por. J 19, 25-27).<\/p>\n<p>Nale\u017c\u0105cy do Stowarzyszenia zamawiaj\u0105 Msze \u015bw. w intencji cz\u0142onk\u00f3w, zar\u00f3wno \u017cyj\u0105cych jak i zmar\u0142ych, a tak\u017ce anga\u017cuj\u0105 si\u0119 w r\u00f3\u017cne akcje apostolskie na terenie swojej parafii. Obecnie Apostolstwo liczy ponad 400 tys. cz\u0142onk\u00f3w oraz 1100 zelator\u00f3w.<\/p>\n<p>Grupy Apostolstwa Dobrej \u015amierci swoj\u0105 obecno\u015bci\u0105 i modlitw\u0105 ogarn\u0119\u0142y ju\u017c wiele miast Polski. Nowe wsp\u00f3lnoty powstaj\u0105 w Europie i Ameryce<\/p>\n<p>\u017ar\u00f3d\u0142o:\u00a0apostolstwo.pl<\/p>\n","protected":false},"excerpt":{"rendered":"<p>\u201eStworzy\u0142e\u015b mnie, Bo\u017ce, dla siebie i niespokojne jest moje serce, dop\u00f3ki nie spocznie w Tobie&#8230; Dobrze \u017cy\u0107 \u2013 to wiele, dobrze umrze\u0107 \u2013 to wszystko&#8230; Apostolstwo Dobrej \u015amierci jest zrzeszeniem modlitewnym, kt\u00f3re przypomina o pilnej konieczno\u015bci dobrego przygotowania si\u0119 do ostatecznego spotkania z Bogiem. Wst\u0119puj\u0105cy do Stowarzyszenia, poprzez swoje modlitwy i ofiary, pragn\u0105 wyjedna\u0107 \u2013 &#8230; <span class=\"more\"><a class=\"more-link\" href=\"https:\/\/milosierdzienagorki.pl\/?page_id=469\">Wi\u0119cej&#8230;<\/a><\/span><\/p>\n","protected":false},"author":4,"featured_media":0,"parent":0,"menu_order":0,"comment_status":"open","ping_status":"open","template":"","meta":[],"_links":{"self":[{"href":"https:\/\/milosierdzienagorki.pl\/index.php?rest_route=\/wp\/v2\/pages\/469"}],"collection":[{"href":"https:\/\/milosierdzienagorki.pl\/index.php?rest_route=\/wp\/v2\/pages"}],"about":[{"href":"https:\/\/milosierdzienagorki.pl\/index.php?rest_route=\/wp\/v2\/types\/page"}],"author":[{"embeddable":true,"href":"https:\/\/milosierdzienagorki.pl\/index.php?rest_route=\/wp\/v2\/users\/4"}],"replies":[{"embeddable":true,"href":"https:\/\/milosierdzienagorki.pl\/index.php?rest_route=%2Fwp%2Fv2%2Fcomments&post=469"}],"version-history":[{"count":4,"href":"https:\/\/milosierdzienagorki.pl\/index.php?rest_route=\/wp\/v2\/pages\/469\/revisions"}],"predecessor-version":[{"id":4674,"href":"https:\/\/milosierdzienagorki.pl\/index.php?rest_route=\/wp\/v2\/pages\/469\/revisions\/4674"}],"wp:attachment":[{"href":"https:\/\/milosierdzienagorki.pl\/index.php?rest_route=%2Fwp%2Fv2%2Fmedia&parent=469"}],"curies":[{"name":"wp","href":"https:\/\/api.w.org\/{rel}","templated":true}]}}