{"id":467,"date":"2015-04-25T08:47:41","date_gmt":"2015-04-25T06:47:41","guid":{"rendered":"http:\/\/milosierdzienagorki.pl\/?page_id=467"},"modified":"2021-02-21T19:08:19","modified_gmt":"2021-02-21T18:08:19","slug":"akcja-katolicka","status":"publish","type":"page","link":"https:\/\/milosierdzienagorki.pl\/?page_id=467","title":{"rendered":"Akcja Katolicka"},"content":{"rendered":"<p style=\"text-align: justify;\"><a href=\"http:\/\/milosierdzienagorki.pl\/wp-content\/uploads\/2015\/04\/spotkanie-op\u0142atkowe-2019-Maria-M.-i-Teresa-W.-pierwszy-z-prawej-ks.-Marcin-Ba\u0142dyga.jpg\"><img decoding=\"async\" loading=\"lazy\" class=\"aligncenter size-medium wp-image-3956\" src=\"http:\/\/milosierdzienagorki.pl\/wp-content\/uploads\/2015\/04\/spotkanie-op\u0142atkowe-2019-Maria-M.-i-Teresa-W.-pierwszy-z-prawej-ks.-Marcin-Ba\u0142dyga-300x200.jpg\" alt=\"spotkanie op\u0142atkowe 2019 Maria M. i Teresa W. pierwszy z prawej ks. Marcin Ba\u0142dyga,\" width=\"300\" height=\"200\" srcset=\"https:\/\/milosierdzienagorki.pl\/wp-content\/uploads\/2015\/04\/spotkanie-op\u0142atkowe-2019-Maria-M.-i-Teresa-W.-pierwszy-z-prawej-ks.-Marcin-Ba\u0142dyga-300x200.jpg 300w, https:\/\/milosierdzienagorki.pl\/wp-content\/uploads\/2015\/04\/spotkanie-op\u0142atkowe-2019-Maria-M.-i-Teresa-W.-pierwszy-z-prawej-ks.-Marcin-Ba\u0142dyga.jpg 960w\" sizes=\"(max-width: 300px) 100vw, 300px\" \/><\/a>Akcja Katolicka jest stowarzyszeniem os\u00f3b \u015bwieckich wsp\u00f3\u0142pracuj\u0105cych z hierarchi\u0105 ko\u015bcieln\u0105 w <span style=\"text-decoration: underline;\">realizowaniu apostolskiej misji Ko\u015bcio\u0142a<\/span>. Powsta\u0142a na pocz\u0105tku XX wieku, zatwierdzona przez papie\u017ca Piusa XI. W Polsce Akcja Katolicka (A Kat.) dzia\u0142a\u0142a przed II wojn\u0105, reaktywowana w 1996r.<\/p>\n<p style=\"text-align: justify;\">Hymnem A Kat. w Polsce jest \u201eMy chcemy Boga\u201d, \u015bwi\u0119tem Akcji &#8211; \u015awi\u0119to Chrystusa Kr\u00f3la. W Polsce Akcji Katolickiej patronuj\u0105: \u015bw. Jan Pawe\u0142 II i \u015bw. Wojciech; w diecezjach s\u0105 patroni diecezjalni. Patronk\u0105 A Kat. archidiecezji warmi\u0144skiej jest <span style=\"text-decoration: underline;\">Naj\u015bwi\u0119tsza Maryja Panna Gietrzwa\u0142dzka.<\/span> \u201eNowenna gietrzwa\u0142dzka\u201d* przygotowuje nas do 150. rocznicy (1877\u2013 2027) objawie\u0144 Matki Bo\u017cej w Gietrzwa\u0142dzie. Nowenn\u0119 odmawiamy ka\u017cdego 27. dnia miesi\u0105ca.<\/p>\n<p style=\"text-align: justify;\">Diecezjalny asystent ko\u015bcielny: ks. dr Marcin Ba\u0142dyga. Nasz parafialny asystent ko\u015bcielny: ks. Jaros\u0142aw Dobrzeniecki.<\/p>\n<p style=\"text-align: justify;\">\u201eAkcja Katolicka nie ma swojego lidera i swoich cel\u00f3w. Jej liderem jest Ko\u015bci\u00f3\u0142 i realizacja cel\u00f3w Ko\u015bcio\u0142a.\u201d<\/p>\n<p style=\"text-align: justify;\">Zadaniem cz\u0142onk\u00f3w Akcji &#8211; tworzenie porozumienia i wsp\u00f3lnego dzia\u0142ania r\u00f3\u017cnych ruch\u00f3w, organizacji, stowarzysze\u0144 bez naruszania ich charyzmat\u00f3w i to\u017csamo\u015bci. Cz\u0142onkowie Akcji Katolickiej s\u0105 najbli\u017cszymi wsp\u00f3\u0142pracownikami Proboszcza, dyspozycyjnymi do dzia\u0142ania w r\u00f3\u017cnych dziedzinach, w zale\u017cno\u015bci od potrzeb. W naszej parafii jest to: rozprowadzanie prasy katolickiej( Go\u015b\u0107 Niedzielny, Ma\u0142y Go\u015b\u0107, Biuletyn parafialny), r\u00f3\u017cne zbi\u00f3rki do puszek, w tym na stypendia dla zdolnej m\u0142odzie\u017cy z ma\u0142ych miejscowo\u015bci podczas Dnia Papieskiego, rozprowadzanie bilet\u00f3w na Koncert Papieski, udzia\u0142 w przygotowaniu wystroju i dy\u017cury przy o\u0142tarzach (Bo\u017ce Cia\u0142o), goszczenie pielgrzym\u00f3w (\u015awiatowe dni m\u0142odzie\u017cy 2016), pielgrzym\u00f3w z \u0141otwy i Litwy, pomoc w przygotowaniu i przekazywaniu paczek \u015bwi\u0105tecznych dla potrzebuj\u0105cych dzieci w parafii (spotkanie ze \u015aw. Miko\u0142ajem w ko\u015bciele pw. Mi\u0142osierdzia Bo\u017cego); obecnie &#8211; dla rodzin i dzieci z polskiej szko\u0142y na Litwie (Stare Troki).<\/p>\n<p style=\"text-align: justify;\"><span style=\"color: #333399;\"><strong><span style=\"text-decoration: underline;\"><span style=\"text-decoration: underline;\">Codzienna modlitwa cz\u0142onka Akcji Katolickiej \u00a0zawiera to, co istotne<\/span><\/span><\/strong><\/span><\/p>\n<p style=\"text-align: center;\"><strong><span style=\"color: #008000;\">B\u0105d\u017a uwielbiony, Bo\u017ce, za \u0142ask\u0119 chrztu \u015bwi\u0119tego, dzi\u0119ki kt\u00f3rej otrzyma\u0142em dar wiary i sta\u0142em si\u0119 cz\u0142onkiem Twojego mistycznego Cia\u0142a \u2013 Ko\u015bcio\u0142a \u015bwi\u0119tego. Dzi\u0119kuj\u0119 Ci Panie, za powo\u0142anie mnie do apostolstwa i umocnienie mnie w nim. Dzi\u0119kuj\u0119 Ci Bo\u017ce, za obdarzenie mnie charyzmatem g\u0142oszenia Dobrej Nowiny wsp\u00f3\u0142czesnemu cz\u0142owiekowi w \u0142\u0105czno\u015bci z moim biskupem i proboszczem. Prze\u017cywam wielko\u015b\u0107 mego powo\u0142ania, lecz u\u015bwiadamiam sobie tak\u017ce s\u0142abo\u015b\u0107 i krucho\u015b\u0107 moj\u0105. Dlatego prosz\u0119 Ci\u0119, Bo\u017ce, Stw\u00f3rco i Kr\u00f3lu Wszech\u015bwiata, by\u015b wspiera\u0142 mnie w budowaniu Twojego Kr\u00f3lestwa.<\/span><\/strong><\/p>\n<p style=\"text-align: center;\"><strong><span style=\"color: #008000;\">Spraw bym czynnie uczestniczy\u0142 w \u017cyciu Ko\u015bcio\u0142a i Ojczyzny. Dodaj mi si\u0142 i m\u0105dro\u015bci, bym modlitw\u0105 i apostolsk\u0105 dzia\u0142alno\u015bci\u0105 u\u015bwi\u0119ca\u0142 moje \u017cycie osobiste, rodzinne, prac\u0119, wypoczynek i ca\u0142e \u017cycie spo\u0142eczne.<\/span><\/strong><\/p>\n<p style=\"text-align: center;\"><strong><span style=\"color: #008000;\">Ze\u015blij prosz\u0119, \u015bwiat\u0142o Ducha \u015awi\u0119tego, bym Twoj\u0105 pomoc\u0105 wsparty, potrafi\u0142 formowa\u0107 siebie i innych w duchu Ewangelii i nauki Ko\u015bcio\u0142a katolickiego. Spraw, bym aposto\u0142uj\u0105c w Akcji Katolickiej, by\u0142 dyspozycyjny, wierny podj\u0119tym postanowieniom, gotowy do wyrzecze\u0144 i wytrwa\u0142y w przeciwno\u015bciach.<\/span><\/strong><\/p>\n<p style=\"text-align: center;\"><strong><span style=\"color: #008000;\">Przez naszego Pana Jezusa Chrystusa, kt\u00f3ry z Tob\u0105 \u017cyje i kr\u00f3luje w jedno\u015bci Ducha \u015awi\u0119tego, B\u00f3g przez wszystkie wieki wiek\u00f3w. Amen<\/span><\/strong><\/p>\n<p style=\"text-align: center;\"><strong><span style=\"color: #008000;\">Matko Ko\u015bcio\u0142a \u2013 m\u00f3dl si\u0119 za nam ! \u015aw. Janie Pawle II \u2013 m\u00f3dl si\u0119 za nami, \u015aw. Wojciechu \u2013 m\u00f3dl si\u0119 za nami<\/span><\/strong><\/p>\n<p style=\"text-align: center;\"><span style=\"text-decoration: underline;\"><strong><span style=\"color: #333399; text-decoration: underline;\">Modlitwa Nowenny Gietrzwa\u0142dzkiej <\/span><\/strong><\/span><\/p>\n<p style=\"text-align: center;\"><span style=\"color: #333399;\">Matko Niepokalana, Pani Gietrzwa\u0142dzka! Kr\u00f3lowo Niebios i Pani Anio\u0142\u00f3w!<\/span><\/p>\n<p style=\"text-align: center;\"><span style=\"color: #333399;\">Ty ukaza\u0142a\u015b si\u0119 na warmi\u0144skiej ziemi, aby wzywa\u0107 do nawr\u00f3cenia, pokuty, \u017carliwej modlitwy r\u00f3\u017ca\u0144cowej i trze\u017awo\u015bci. Prowadzeni Twym or\u0119dziem, oddajemy si\u0119 pod Twoj\u0105 macierzy\u0144sk\u0105 opiek\u0119, aby z rado\u015bci\u0105 przyjmowa\u0107 Ewangeli\u0119 Twojego Syna.<\/span><\/p>\n<p style=\"text-align: center;\"><span style=\"color: #333399;\">Ty, kt\u00f3ra w Gietrzwa\u0142dzie obieca\u0142a\u015b, \u017ce zawsze b\u0119dziesz przy nas, wstawiaj si\u0119 za nami, aby nasza wiara wyznawana, celebrowana<br \/>\ni praktykowana na co dzie\u0144, pog\u0142\u0119bia\u0142a si\u0119 i owocowa\u0142a czynnym udzia\u0142em w \u017cyciu Ko\u015bcio\u0142a oraz podejmowaniem dzie\u0142 apostolskich.<\/span><\/p>\n<p style=\"text-align: center;\"><span style=\"color: #333399;\">Matko Niepokalanie Pocz\u0119ta! Ucz nas wiary, nadziei i mi\u0142o\u015bci.<\/span><\/p>\n<p style=\"text-align: center;\"><span style=\"color: #333399;\">Kr\u00f3lowo R\u00f3\u017ca\u0144ca \u015awi\u0119tego! Przypominaj nam, \u017ce zbawienie dokonane przez Twojego Syna uobecnia si\u0119 w \u017cyciu sakramentalnym Ko\u015bcio\u0142a.<\/span><\/p>\n<p style=\"text-align: center;\"><span style=\"color: #333399;\">Uczennico Pa\u0144ska i Matko Ko\u015bcio\u0142a! Pomagaj nam w rozeznawaniu powo\u0142ania chrze\u015bcija\u0144skiego, aby\u015bmy prowadzeni przez Ducha \u015awi\u0119tego, dostrzegali znaki Bo\u017cej obecno\u015bci w \u015bwiecie i byli pos\u0142uszni Jego natchnieniom. Amen<\/span><\/p>\n","protected":false},"excerpt":{"rendered":"<p>Akcja Katolicka jest stowarzyszeniem os\u00f3b \u015bwieckich wsp\u00f3\u0142pracuj\u0105cych z hierarchi\u0105 ko\u015bcieln\u0105 w realizowaniu apostolskiej misji Ko\u015bcio\u0142a. Powsta\u0142a na pocz\u0105tku XX wieku, zatwierdzona przez papie\u017ca Piusa XI. W Polsce Akcja Katolicka (A Kat.) dzia\u0142a\u0142a przed II wojn\u0105, reaktywowana w 1996r. Hymnem A Kat. w Polsce jest \u201eMy chcemy Boga\u201d, \u015bwi\u0119tem Akcji &#8211; \u015awi\u0119to Chrystusa Kr\u00f3la. W Polsce &#8230; <span class=\"more\"><a class=\"more-link\" href=\"https:\/\/milosierdzienagorki.pl\/?page_id=467\">Wi\u0119cej&#8230;<\/a><\/span><\/p>\n","protected":false},"author":4,"featured_media":3956,"parent":0,"menu_order":0,"comment_status":"closed","ping_status":"closed","template":"","meta":[],"_links":{"self":[{"href":"https:\/\/milosierdzienagorki.pl\/index.php?rest_route=\/wp\/v2\/pages\/467"}],"collection":[{"href":"https:\/\/milosierdzienagorki.pl\/index.php?rest_route=\/wp\/v2\/pages"}],"about":[{"href":"https:\/\/milosierdzienagorki.pl\/index.php?rest_route=\/wp\/v2\/types\/page"}],"author":[{"embeddable":true,"href":"https:\/\/milosierdzienagorki.pl\/index.php?rest_route=\/wp\/v2\/users\/4"}],"replies":[{"embeddable":true,"href":"https:\/\/milosierdzienagorki.pl\/index.php?rest_route=%2Fwp%2Fv2%2Fcomments&post=467"}],"version-history":[{"count":9,"href":"https:\/\/milosierdzienagorki.pl\/index.php?rest_route=\/wp\/v2\/pages\/467\/revisions"}],"predecessor-version":[{"id":3958,"href":"https:\/\/milosierdzienagorki.pl\/index.php?rest_route=\/wp\/v2\/pages\/467\/revisions\/3958"}],"wp:featuredmedia":[{"embeddable":true,"href":"https:\/\/milosierdzienagorki.pl\/index.php?rest_route=\/wp\/v2\/media\/3956"}],"wp:attachment":[{"href":"https:\/\/milosierdzienagorki.pl\/index.php?rest_route=%2Fwp%2Fv2%2Fmedia&parent=467"}],"curies":[{"name":"wp","href":"https:\/\/api.w.org\/{rel}","templated":true}]}}