{"id":463,"date":"2015-04-25T08:47:07","date_gmt":"2015-04-25T06:47:07","guid":{"rendered":"http:\/\/milosierdzienagorki.pl\/?page_id=463"},"modified":"2021-02-21T19:21:23","modified_gmt":"2021-02-21T18:21:23","slug":"chorek-dzieciecy","status":"publish","type":"page","link":"https:\/\/milosierdzienagorki.pl\/?page_id=463","title":{"rendered":"Ch\u00f3rek Dzieci\u0119cy"},"content":{"rendered":"<p style=\"text-align: justify;\"><em>\u201ePrzynosili Mu r\u00f3wnie\u017c dzieci, \u017ceby ich dotkn\u0105\u0142; lecz uczniowie szorstko zabraniali im tego. A Jezus, widz\u0105c to, oburzy\u0142 si\u0119 i rzek\u0142 do nich: Pozw\u00f3lcie dzieciom przychodzi\u0107 do Mnie, nie przeszkadzajcie im; do takich bowiem nale\u017cy kr\u00f3lestwo Bo\u017ce. Zaprawd\u0119, powiadam wam: Kto nie przyjmie kr\u00f3lestwa Bo\u017cego jak dziecko, ten nie wejdzie do niego. I bior\u0105c je w obj\u0119cia, k\u0142ad\u0142 na nie r\u0119ce i b\u0142ogos\u0142awi\u0142 je.\u201d\u00a0<\/em><strong> Mk 10, 13-16<\/strong><\/p>\n<p style=\"text-align: justify;\">Wielk\u0105 rado\u015bci\u0105 dla parafii jest obecno\u015b\u0107 tych najmniejszych \u2013 dzieci, kt\u00f3re przez sw\u00f3j talent, wolny czas i dobre ch\u0119ci pragn\u0105 s\u0142u\u017cy\u0107 innym.\u00a0 Zadaniem ch\u00f3rku dzieci\u0119cego jest przede wszystkim pos\u0142ugiwanie \u015bpiewem w czasie Mszy \u015aw. niedzielnej dla dzieci, cho\u0107 czasem mamy te\u017c \u201edodatkowe\u201d wyst\u0119py.<\/p>\n<p style=\"text-align: justify;\">W naszej muzycznej wsp\u00f3lnocie s\u0105 ch\u0142opcy i dziewcz\u0119ta ze szko\u0142y podstawowej. Cho\u0107 s\u0105 te\u017c m\u0142odsi uczestnicy- oni s\u0105 wielkim skarbem! Ch\u00f3rek liczy sobie kilkana\u015bcie ma\u0142ych artyst\u00f3w. Opr\u00f3cz \u015bpiewaj\u0105cych, kt\u00f3rych mo\u017cna rozpozna\u0107 po czerwonych i niebieskich szatkach, s\u0105 te\u017c osoby muzyczne- czyli gitarzy\u015bci. Wa\u017cne funkcje pe\u0142ni\u0105 tak\u017ce p. Agnieszka, p. Ula\u00a0i starsze dziewczyny, bez kt\u00f3rych ci\u0119\u017cko by\u0142oby szybko i sprawnie zorganizowa\u0107 si\u0119- zawsze mo\u017cna liczy\u0107 na ich pomoc w przygotowaniu miejsca do \u015bpiewania, ubieraniu dzieci w szatki i przy wy\u015bwietlaniu slajd\u00f3w na Mszy \u015bw.<\/p>\n<p style=\"text-align: justify;\">\u00a0\u00a0\u00a0\u00a0\u00a0\u00a0\u00a0\u00a0\u00a0\u00a0\u00a0 Na pr\u00f3bach \u015bpiewu spotykamy si\u0119 raz w tygodniu <strong>w niedziel\u0119 o 9:00 w zakrystii ko\u015bcio\u0142a<\/strong>. Pr\u00f3ba rozpoczyna si\u0119 obowi\u0105zkow\u0105 rozgrzewk\u0105, przede wszystkim rozgrzewk\u0105 \u201ebuzi i j\u0119zyka\u201d, \u017ceby \u0142atwiej nam si\u0119 \u015bpiewa\u0142o.<\/p>\n<p style=\"text-align: justify;\">A oto relacja jednej z uczestniczek, Marty : <em>\u201e<strong>Na ch\u00f3rek parafialny chodz\u0119 od kilku lat.<\/strong> <strong>Ucz\u0119 si\u0119 tam wielu piosenek i pie\u015bni religijnych.<\/strong> <strong>Na spotkaniu panuje mi\u0142a atmosfera.<\/strong> <strong>Najbardziej podoba mi si\u0119, \u017ce naszemu \u015bpiewaniu\u00a0towarzyszy gra kilku gitar.\u201d<\/strong><\/em><\/p>\n<p style=\"text-align: justify;\">Ka\u017cdy, kto przekracza pr\u00f3g salki, aby by\u0107 z nami jest wielkim skarbem i wielk\u0105 rado\u015bci\u0105. Dlatego zapraszamy wszystkie ch\u0119tne dzieci! Czekamy!<\/p>\n<p style=\"text-align: justify;\">\n","protected":false},"excerpt":{"rendered":"<p>\u201ePrzynosili Mu r\u00f3wnie\u017c dzieci, \u017ceby ich dotkn\u0105\u0142; lecz uczniowie szorstko zabraniali im tego. A Jezus, widz\u0105c to, oburzy\u0142 si\u0119 i rzek\u0142 do nich: Pozw\u00f3lcie dzieciom przychodzi\u0107 do Mnie, nie przeszkadzajcie im; do takich bowiem nale\u017cy kr\u00f3lestwo Bo\u017ce. Zaprawd\u0119, powiadam wam: Kto nie przyjmie kr\u00f3lestwa Bo\u017cego jak dziecko, ten nie wejdzie do niego. I bior\u0105c je &#8230; <span class=\"more\"><a class=\"more-link\" href=\"https:\/\/milosierdzienagorki.pl\/?page_id=463\">Wi\u0119cej&#8230;<\/a><\/span><\/p>\n","protected":false},"author":4,"featured_media":0,"parent":0,"menu_order":0,"comment_status":"open","ping_status":"closed","template":"","meta":[],"_links":{"self":[{"href":"https:\/\/milosierdzienagorki.pl\/index.php?rest_route=\/wp\/v2\/pages\/463"}],"collection":[{"href":"https:\/\/milosierdzienagorki.pl\/index.php?rest_route=\/wp\/v2\/pages"}],"about":[{"href":"https:\/\/milosierdzienagorki.pl\/index.php?rest_route=\/wp\/v2\/types\/page"}],"author":[{"embeddable":true,"href":"https:\/\/milosierdzienagorki.pl\/index.php?rest_route=\/wp\/v2\/users\/4"}],"replies":[{"embeddable":true,"href":"https:\/\/milosierdzienagorki.pl\/index.php?rest_route=%2Fwp%2Fv2%2Fcomments&post=463"}],"version-history":[{"count":8,"href":"https:\/\/milosierdzienagorki.pl\/index.php?rest_route=\/wp\/v2\/pages\/463\/revisions"}],"predecessor-version":[{"id":3959,"href":"https:\/\/milosierdzienagorki.pl\/index.php?rest_route=\/wp\/v2\/pages\/463\/revisions\/3959"}],"wp:attachment":[{"href":"https:\/\/milosierdzienagorki.pl\/index.php?rest_route=%2Fwp%2Fv2%2Fmedia&parent=463"}],"curies":[{"name":"wp","href":"https:\/\/api.w.org\/{rel}","templated":true}]}}