{"id":442,"date":"2015-04-25T08:40:14","date_gmt":"2015-04-25T06:40:14","guid":{"rendered":"http:\/\/milosierdzienagorki.pl\/?page_id=442"},"modified":"2023-03-22T15:22:54","modified_gmt":"2023-03-22T14:22:54","slug":"kaplanstwo","status":"publish","type":"page","link":"https:\/\/milosierdzienagorki.pl\/?page_id=442","title":{"rendered":"Kap\u0142a\u0144stwo"},"content":{"rendered":"<h3><span style=\"color: #000080;\">\u00a0<strong>Sakrament kap\u0142a\u0144stwa<\/strong>\u00a0<\/span><\/h3>\n<p style=\"text-align: justify;\">\u00a0 \u00a0 \u00a0 \u00a0 \u00a0 Nale\u017cy, obok sakramentu ma\u0142\u017ce\u0144stwa, do grupy sakrament\u00f3w w s\u0142u\u017cbie komunii. Jest zatem nastawiony na zbawienie innych ludzi; opiera si\u0119 na s\u0142u\u017cbie innym, dzi\u0119ki czemu przyczynia si\u0119 r\u00f3wnie\u017c do zbawienia osobistego.<\/p>\n<p style=\"text-align: justify;\">\u00a0 \u00a0 \u00a0 \u00a0 \u00a0 Sakrament kap\u0142a\u0144stwa nazywany jest tak\u017ce\u00a0<strong>sakramentem \u015bwi\u0119ce\u0144<\/strong>\u00a0(\u0142ac.\u00a0<em>ordinatio<\/em>) b\u0105d\u017a sakramentem pos\u0142ugi apostolskiej. Obejmuje on trzy stopnie: episkopat, prezbiterat i diakonat. Przy czym poj\u0119ciem\u00a0<strong>kap\u0142an<\/strong>\u00a0okre\u015bla si\u0119 wy\u0142\u0105cznie biskup\u00f3w i prezbiter\u00f3w, a nie diakon\u00f3w. Zadaniem diakona jest z kolei s\u0142u\u017cba i pomoc kap\u0142an\u00f3w. \u015awi\u0119cenia biskupie s\u0105 natomiast pe\u0142ni\u0105 sakramentu \u015bwi\u0119ce\u0144.<\/p>\n<p style=\"text-align: justify;\">\u00a0 \u00a0 \u00a0 W\u0142\u0105czenie do stanu kap\u0142a\u0144stwa (stanu biskup\u00f3w, prezbiter\u00f3w i diakon\u00f3w) dokonuje si\u0119 na mocy obrz\u0119du\u00a0<em>ordinatio<\/em>, kt\u00f3ry jest aktem religijnym i liturgicznym. S\u0142owo\u00a0<em>ordinatio<\/em>\u00a0jest to\u017csame z\u00a0<strong>konsekracj\u0105<\/strong>, b\u0142ogos\u0142awie\u0144stwem b\u0105d\u017a w\u0142a\u015bnie z sakramentem. Akt sakramentalny jest r\u00f3wnoznaczny z udzieleniem daru Ducha \u015awi\u0119tego; daje \u201e\u015bwi\u0119t\u0105 w\u0142adz\u0119\u201d (<em>sacra potestas).<\/em>\u00a0W\u0142adza ta nie pochodzi od ludu, ale od samego Jezusa Chrystusa. Znakiem konsekracji jest w\u0142o\u017cenie r\u0105k przez biskupa i modlitwa konsekracyjna nad kandydatem.<\/p>\n<p style=\"text-align: justify;\">\u00a0 \u00a0 \u00a0 \u00a0 \u00a0 Ko\u015bci\u00f3\u0142 g\u0142osi, \u017ce obok kap\u0142a\u0144stwa urz\u0119dowego (hierarchicznego), ca\u0142a wsp\u00f3lnota wierz\u0105cych jako taka jest kap\u0142a\u0144ska; m\u00f3wi o\u00a0<strong>kap\u0142a\u0144stwie wsp\u00f3lnym wszystkim wiernym<\/strong>. R\u00f3\u017cni\u0105 si\u0119 one jednak co do istoty. O ile kap\u0142a\u0144stwo wsp\u00f3lne wiernych realizuje si\u0119 przez rozw\u00f3j w\u0142asnej \u0142aski chrztu i przez \u017cycie wed\u0142ug Ducha, to kap\u0142a\u0144stwo urz\u0119dowe s\u0142u\u017cy kap\u0142a\u0144stwu wsp\u00f3lnemu, przyczyniaj\u0105c \u00a0si\u0119 do rozwoju \u0142aski chrztu\u00a0<strong>wszystkich<\/strong>\u00a0chrze\u015bcijan. Jest ono jednym ze narz\u0119dzi, przy pomocy kt\u00f3rych Chrystus ci\u0105gle buduje i prowadzi sw\u00f3j Ko\u015bci\u00f3\u0142:<\/p>\n<p style=\"text-align: justify;\"><em>\u00a0 \u00a0 \u00a0 \u00a0 \u00a0 Jest wi\u0119c jeden i ten sam Kap\u0142an, Chrystus Jezus, kt\u00f3rego naj\u015bwi\u0119tsz\u0105 Osob\u0119 zast\u0119puje kap\u0142an. Ten ostatni bowiem dzi\u0119ki konsekracji kap\u0142a\u0144skiej upodabnia si\u0119 do Najwy\u017cszego Kap\u0142ana i posiada w\u0142adz\u0119 dzia\u0142ania moc\u0105 i w osobie samego Chrystusa (virtute ac persona ipsius Christi).<\/em>\u00a0(Pius XII, enc. Mediator Dei.)<\/p>\n<p style=\"text-align: justify;\">\u00a0 \u00a0 \u00a0 \u00a0 \u00a0 Kap\u0142a\u0144stwo ma\u00a0<strong>charakter s\u0142u\u017cebny<\/strong>. Jest skierowane zar\u00f3wno ku Chrystusowi, jak i ku ludziom: kap\u0142a\u0144stwo urz\u0119dowe reprezentuje Chrystusa wobec zgromadzenia wiernych, jednocze\u015bnie reprezentuj\u0105c zgromadzenie wiernych wobec Boga, gdy zanosi do Niego modlitw\u0119 ca\u0142ego Ko\u015bcio\u0142a oraz sk\u0142ada ofiar\u0119 eucharystyczn\u0105.<\/p>\n<p style=\"text-align: justify;\"><strong>\u00a0 \u00a0 \u00a0 \u00a0 \u00a0 Celebracja \u015bwi\u0119ce\u0144<\/strong>\u00a0powinna odbywa\u0107 si\u0119 w obecno\u015bci wiernych, w katedrze, najlepiej w niedziel\u0119 lub \u015bwi\u0119to nakazane, i powinna mie\u0107 uroczysty charakter. \u015awi\u0119cenia s\u0105 udzielane w ramach liturgii eucharystycznej. Dla wszystkich trzech stopni \u015bwi\u0119ce\u0144 istotny jest ten sam obrz\u0119d, mianowicie w\u0142o\u017cenie r\u0105k przez biskupa na g\u0142ow\u0119 wy\u015bwi\u0119canego, a tak\u017ce specjalna modlitwa konsekracyjna, b\u0119d\u0105ca pro\u015bb\u0105 do Boga o wylanie Ducha \u015awi\u0119tego i udzielenie Jego dar\u00f3w dostosowanych do pos\u0142ugi, do kt\u00f3rej kandydat jest wy\u015bwi\u0119cany.\u00a0<strong>Sakrament jest udzielany przez biskup\u00f3w<\/strong>, gdy\u017c s\u0105 oni nazywani nast\u0119pcami Aposto\u0142\u00f3w.<\/p>\n<p style=\"text-align: justify;\">\u00a0 \u00a0 \u00a0 \u00a0 \u00a0 Sakrament \u015bwi\u0119ce\u0144\u00a0 nie mo\u017ce by\u0107 powtarzany ani udzielany tylko na pewien czas. Przy czym istnieje mo\u017cliwo\u015b\u0107 zwolnienia osoby wy\u015bwi\u0119conej z obowi\u0105zk\u00f3w i funkcji zwi\u0105zanych ze \u015bwi\u0119ceniami (z wa\u017cnych powod\u00f3w); mo\u017ce ona r\u00f3wnie\u017c otrzyma\u0107 zakaz ich wykonywania. Niemniej osoba wy\u015bwi\u0119cona nigdy nie stanie si\u0119 na powr\u00f3t cz\u0142owiekiem \u015bwieckim.<\/p>\n<h3 style=\"text-align: justify;\"><\/h3>\n<h3 style=\"text-align: justify;\"><span style=\"color: #000080;\">\u015awi\u0119cenia kap\u0142a\u0144skie \u2013 warunki<\/span><\/h3>\n<p style=\"text-align: justify;\">\u00a0 \u00a0 \u00a0 \u00a0 Otrzyma\u0107 \u015bwi\u0119cenia kap\u0142a\u0144skie mo\u017ce wy\u0142\u0105cznie ochrzczony oraz bierzmowany m\u0119\u017cczyzna. W Ko\u015bciele katolickim nie s\u0105 mo\u017cliwe \u015bwi\u0119cenia kobiet. Ko\u015bci\u00f3\u0142 w swojej praktyce powo\u0142uje si\u0119 na wyb\u00f3r Dwunastu Aposto\u0142\u00f3w przez Jezusa \u2013 Jezus wybra\u0142 do tego grona wy\u0142\u0105cznie m\u0119\u017cczyzn. Tak samo czynili p\u00f3\u017aniej Aposto\u0142owie, gdy wybierali swoich wsp\u00f3\u0142pracownik\u00f3w.<\/p>\n<p style=\"text-align: justify;\">\u00a0 \u00a0 \u00a0 \u00a0 \u00a0Do otrzymania sakramentu \u015bwi\u0119ce\u0144 koniecznie jest powo\u0142anie od Boga. Jednak odpowiedzialno\u015b\u0107 i prawo wybrania kogo\u015b do przyj\u0119cia sakramentu \u015bwi\u0119ce\u0144 spoczywa w r\u0119kach w\u0142adzy ko\u015bcielnej.<\/p>\n<p style=\"text-align: justify;\">\u00a0 \u00a0 \u00a0 \u00a0 \u00a0Wszyscy pe\u0142ni\u0105cy pos\u0142ug\u0119 \u015bwi\u0119ce\u0144 w Ko\u015bciele rzymskokatolickim, przed przyj\u0119ciem \u015bwi\u0119ce\u0144 musz\u0105 rozwa\u017cy\u0107 kwesti\u0119 celibatu, kt\u00f3ry jest wymagany od ka\u017cdego kap\u0142ana (stali diakoni mog\u0105 by\u0107 wy\u015bwi\u0119cani spo\u015br\u00f3d m\u0119\u017cczyzn \u017conatych).\u00a0 Nie mo\u017ce \u017ceni\u0107 si\u0119 ten, kto ju\u017c przyj\u0105\u0142 sakrament \u015bwi\u0119ce\u0144.<\/p>\n<p style=\"text-align: justify;\">\u00a0 \u00a0 \u00a0 \u00a0 \u00a0Przyj\u0119cie \u015bwi\u0119ce\u0144 musi by\u0107 wynikiem dobrowolnej decyzji wy\u015bwi\u0119canego \u2013 nie wolno zmusza\u0107 do przyj\u0119cia \u015bwi\u0119ce\u0144 w jakikolwiek spos\u00f3b i dla jakiejkolwiek przyczyny.<\/p>\n<p style=\"text-align: justify;\">\u00a0 \u00a0 \u00a0 \u00a0 \u00a0 Kodeks Prawa Kanonicznego precyzuje warunki w kanonie 1029:\u00a0\u00a0<em>Do \u015bwi\u0119ce\u0144 nale\u017cy dopuszcza\u0107 jedynie tych, kt\u00f3rzy \u2013 wed\u0142ug roztropnej oceny w\u0142asnego biskupa albo kompetentnego prze\u0142o\u017conego wy\u017cszego \u2013 po rozwa\u017ceniu wszystkich okoliczno\u015bci, maja nieska\u017con\u0105 wiar\u0119, kieruj\u0105 sie prawid\u0142owa intencja, posiadaj\u0105 wymagana wiedze, ciesz\u0105 si\u0119 dobra opinia, maja nienaganne obyczaje, wypr\u00f3bowane cnoty, jak r\u00f3wnie\u017c inne przymioty fizyczne i psychiczne, odpowiadaj\u0105ce przyjmowanemu \u015bwi\u0119ceniu.<\/em><\/p>\n<p style=\"text-align: justify;\">\u00a0 \u00a0 \u00a0 \u00a0 Do przyj\u0119cia \u015bwi\u0119ce\u0144 potrzebne jest odpowiednie przygotowanie, kt\u00f3re zosta\u0142o \u015bci\u015ble okre\u015blone przez Ko\u015bci\u00f3\u0142. Jest ono zale\u017cne od stopnia \u015bwi\u0119ce\u0144. Informacje o nim znajduj\u0105 si\u0119 m.in. w Kodeksie Prawa Kanonicznego.<\/p>\n","protected":false},"excerpt":{"rendered":"<p>\u00a0Sakrament kap\u0142a\u0144stwa\u00a0 \u00a0 \u00a0 \u00a0 \u00a0 \u00a0 Nale\u017cy, obok sakramentu ma\u0142\u017ce\u0144stwa, do grupy sakrament\u00f3w w s\u0142u\u017cbie komunii. Jest zatem nastawiony na zbawienie innych ludzi; opiera si\u0119 na s\u0142u\u017cbie innym, dzi\u0119ki czemu przyczynia si\u0119 r\u00f3wnie\u017c do zbawienia osobistego. \u00a0 \u00a0 \u00a0 \u00a0 \u00a0 Sakrament kap\u0142a\u0144stwa nazywany jest tak\u017ce\u00a0sakramentem \u015bwi\u0119ce\u0144\u00a0(\u0142ac.\u00a0ordinatio) b\u0105d\u017a sakramentem pos\u0142ugi apostolskiej. Obejmuje on trzy &#8230; <span class=\"more\"><a class=\"more-link\" href=\"https:\/\/milosierdzienagorki.pl\/?page_id=442\">Wi\u0119cej&#8230;<\/a><\/span><\/p>\n","protected":false},"author":4,"featured_media":0,"parent":0,"menu_order":0,"comment_status":"open","ping_status":"open","template":"","meta":[],"_links":{"self":[{"href":"https:\/\/milosierdzienagorki.pl\/index.php?rest_route=\/wp\/v2\/pages\/442"}],"collection":[{"href":"https:\/\/milosierdzienagorki.pl\/index.php?rest_route=\/wp\/v2\/pages"}],"about":[{"href":"https:\/\/milosierdzienagorki.pl\/index.php?rest_route=\/wp\/v2\/types\/page"}],"author":[{"embeddable":true,"href":"https:\/\/milosierdzienagorki.pl\/index.php?rest_route=\/wp\/v2\/users\/4"}],"replies":[{"embeddable":true,"href":"https:\/\/milosierdzienagorki.pl\/index.php?rest_route=%2Fwp%2Fv2%2Fcomments&post=442"}],"version-history":[{"count":6,"href":"https:\/\/milosierdzienagorki.pl\/index.php?rest_route=\/wp\/v2\/pages\/442\/revisions"}],"predecessor-version":[{"id":4673,"href":"https:\/\/milosierdzienagorki.pl\/index.php?rest_route=\/wp\/v2\/pages\/442\/revisions\/4673"}],"wp:attachment":[{"href":"https:\/\/milosierdzienagorki.pl\/index.php?rest_route=%2Fwp%2Fv2%2Fmedia&parent=442"}],"curies":[{"name":"wp","href":"https:\/\/api.w.org\/{rel}","templated":true}]}}