{"id":440,"date":"2015-04-25T08:40:04","date_gmt":"2015-04-25T06:40:04","guid":{"rendered":"http:\/\/milosierdzienagorki.pl\/?page_id=440"},"modified":"2023-03-22T15:15:44","modified_gmt":"2023-03-22T14:15:44","slug":"sakrament-chorych","status":"publish","type":"page","link":"https:\/\/milosierdzienagorki.pl\/?page_id=440","title":{"rendered":"Sakrament namaszczenia chorych"},"content":{"rendered":"<div>\n<div class=\"dnXCYb\" tabindex=\"0\" data-hveid=\"CFUQAQ\">\n<h2 class=\"JlqpRe\" style=\"text-align: center;\"><span class=\"JCzEY ZwRhJd\" style=\"color: #000080;\">Sakramentu Namaszczenia chorych udzielamy na wezwanie i \u017cyczenie chorego lub\u00a0 rodziny\u00a0<\/span><span style=\"color: #000080;\">(je\u015bli chory jest nie\u015bwiadomy)<\/span><\/h2>\n<h3 class=\"JlqpRe\" style=\"text-align: justify;\"><span class=\"JCzEY ZwRhJd\" style=\"color: #000080;\">Na czym polega namaszczenie chorych?<\/span><\/h3>\n<\/div>\n<\/div>\n<div id=\"_AgobZO7dCePKrgTrxrTgCg_62\" class=\"bCOlv\" data-ved=\"2ahUKEwju5t2r2e_9AhVjpYsKHWsjDawQ7NUEegQIVRAE\">\n<div class=\"IZE3Td\">\n<div class=\"t0bRye r2fjmd\" data-hveid=\"CFUQBQ\" data-ved=\"2ahUKEwju5t2r2e_9AhVjpYsKHWsjDawQu04oAHoECFUQBQ\">\n<div id=\"AgobZO7dCePKrgTrxrTgCg__48\">\n<div class=\"wDYxhc\" data-md=\"61\">\n<div class=\"LGOjhe\" style=\"text-align: justify;\" data-attrid=\"wa:\/description\" data-hveid=\"CEwQAA\"><span class=\"ILfuVd\" lang=\"pl\"><span class=\"hgKElc\">\u00a0 \u00a0 \u00a0 \u00a0 \u00a0 Jest to sakrament, w kt\u00f3rym ci\u0119\u017cko chory otrzymuje przez namaszczenie\u00a0<b>olejem \u015bw<\/b>. i modlitw\u0119 kap\u0142ana szczeg\u00f3lne \u0142aski, ulg\u0119 w cierpieniu, a niekiedy przywr\u00f3cenie zdrowia. Sakrament ten ma r\u00f3wnie\u017c moc g\u0142adzenia grzech\u00f3w. Chrystus w sakramencie namaszczenia daje swoim wiernym, dotkni\u0119tym chorob\u0105, pot\u0119\u017cn\u0105 pomoc i obron\u0119.<\/span><\/span><\/div>\n<div class=\"LGOjhe\" data-attrid=\"wa:\/description\" data-hveid=\"CEwQAA\">\n<div style=\"text-align: justify;\">\n<div class=\"dnXCYb\" tabindex=\"0\" data-hveid=\"CFQQAQ\">\n<h3 class=\"JlqpRe\"><\/h3>\n<h3 class=\"JlqpRe\"><span class=\"JCzEY ZwRhJd\" style=\"color: #000080;\">Kto nie mo\u017ce przyj\u0105\u0107 sakramentu namaszczenia chorych?<\/span><\/h3>\n<\/div>\n<\/div>\n<div id=\"_AgobZO7dCePKrgTrxrTgCg_61\" class=\"bCOlv\" data-ved=\"2ahUKEwju5t2r2e_9AhVjpYsKHWsjDawQ7NUEegQIVBAE\">\n<div class=\"IZE3Td\">\n<div class=\"t0bRye r2fjmd\" data-hveid=\"CFQQBQ\" data-ved=\"2ahUKEwju5t2r2e_9AhVjpYsKHWsjDawQu04oAHoECFQQBQ\">\n<div id=\"AgobZO7dCePKrgTrxrTgCg__51\">\n<div class=\"wDYxhc\" data-md=\"61\">\n<div class=\"LGOjhe\" style=\"text-align: justify;\" data-attrid=\"wa:\/description\" data-hveid=\"CFIQAA\"><span class=\"ILfuVd\" lang=\"pl\"><span class=\"hgKElc\">\u00a0 \u00a0 \u00a0 \u00a0 \u00a0 Trzeba te\u017c wyra\u017anie przypomnie\u0107, \u017ce nie wolno udziela\u0107 tego sakramentu\u00a0<b>osobom, kt\u00f3re z uporem trwaj\u0105 w jawnym grzechu ci\u0119\u017ckim (kan.<\/b>\u00a0<b>1007), nie okazuj\u0105 oznak \u017calu i skruchy b\u0105d\u017a odmawiaj\u0105 przyj\u0119cia sakramentu<\/b>.<\/span><\/span><\/div>\n<div class=\"LGOjhe\" style=\"text-align: justify;\" data-attrid=\"wa:\/description\" data-hveid=\"CFIQAA\"><\/div>\n<div class=\"LGOjhe\" data-attrid=\"wa:\/description\" data-hveid=\"CFIQAA\">\n<div style=\"text-align: justify;\">\n<div class=\"dnXCYb\" tabindex=\"0\" data-hveid=\"CFEQAQ\">\n<h3 class=\"JlqpRe\"><\/h3>\n<h3 class=\"JlqpRe\"><span class=\"JCzEY ZwRhJd\" style=\"color: #000080;\">Ile razy mo\u017cna przyj\u0105\u0107 sakrament namaszczenia chorych?<\/span><\/h3>\n<\/div>\n<\/div>\n<div id=\"_AgobZO7dCePKrgTrxrTgCg_60\" class=\"bCOlv\" data-ved=\"2ahUKEwju5t2r2e_9AhVjpYsKHWsjDawQ7NUEegQIURAE\">\n<div class=\"IZE3Td\">\n<div class=\"t0bRye r2fjmd\" data-hveid=\"CFEQBQ\" data-ved=\"2ahUKEwju5t2r2e_9AhVjpYsKHWsjDawQu04oAHoECFEQBQ\">\n<div id=\"AgobZO7dCePKrgTrxrTgCg__54\">\n<div class=\"wDYxhc\" data-md=\"61\">\n<div class=\"LGOjhe\" style=\"text-align: justify;\" data-attrid=\"wa:\/description\" data-hveid=\"CEsQAA\"><span class=\"ILfuVd\" lang=\"pl\"><span class=\"hgKElc\">\u00a0 \u00a0 \u00a0 \u00a0 \u00a0 \u201eSakrament ten wolno powt\u00f3rzy\u0107, je\u015bli chory po wyzdrowieniu znowu ci\u0119\u017cko zachoruje lub je\u015bli w czasie trwania tej samej choroby niebezpiecze\u0144stwo stanie si\u0119 powa\u017cniejsze\u201d (KPK kan. 1004 \u00a7 2; por. Sakramenty chorych nr 9). Jednak\u00a0<b>nie nale\u017cy udziela\u0107 go zbyt cz\u0119sto, je\u015bli nie zachodzi prawdziwa konieczno\u015b\u0107<\/b>.<\/span><\/span><\/div>\n<div class=\"LGOjhe\" data-attrid=\"wa:\/description\" data-hveid=\"CEsQAA\">\n<div style=\"text-align: justify;\">\n<div class=\"dnXCYb\" tabindex=\"0\" data-hveid=\"CE8QAQ\">\n<h3 class=\"JlqpRe\"><\/h3>\n<h3 class=\"JlqpRe\"><span class=\"JCzEY ZwRhJd\" style=\"color: #000080;\">Jak wygl\u0105da sakrament namaszczenia chorych?<\/span><\/h3>\n<\/div>\n<\/div>\n<div id=\"_AgobZO7dCePKrgTrxrTgCg_59\" class=\"bCOlv\" data-ved=\"2ahUKEwju5t2r2e_9AhVjpYsKHWsjDawQ7NUEegQITxAE\">\n<div class=\"IZE3Td\">\n<div class=\"t0bRye r2fjmd\" data-hveid=\"CE8QBQ\" data-ved=\"2ahUKEwju5t2r2e_9AhVjpYsKHWsjDawQu04oAHoECE8QBQ\">\n<div id=\"AgobZO7dCePKrgTrxrTgCg__57\">\n<div class=\"wDYxhc\" data-md=\"61\">\n<div class=\"LGOjhe\" style=\"text-align: justify;\" data-attrid=\"wa:\/description\" data-hveid=\"CE0QAA\"><span class=\"ILfuVd\" lang=\"pl\"><span class=\"hgKElc\">\u00a0 \u00a0 \u00a0 \u00a0 \u00a0 Namaszczenia\u00a0<b>chorego<\/b>\u00a0dokonuje kap\u0142an poprzez namaszczenie czo\u0142a i r\u0105k (d\u0142oni)\u00a0<b>chorego<\/b>, wypowiadaj\u0105c s\u0142owa formu\u0142y sakramentalnej: Przez to \u015bwi\u0119te namaszczenie niech Pan w swoim niesko\u0144czonym mi\u0142osierdziu wspomo\u017ce ciebie \u0142ask\u0105 Ducha \u015awi\u0119tego. Amen. Pan, kt\u00f3ry odpuszcza grzechy, niech ci\u0119 wybawi i \u0142askawie pod\u017awiga.<\/span><\/span><\/div>\n<div class=\"LGOjhe\" style=\"text-align: justify;\" data-attrid=\"wa:\/description\" data-hveid=\"CE0QAA\"><\/div>\n<div class=\"LGOjhe\" data-attrid=\"wa:\/description\" data-hveid=\"CE0QAA\">\n<div style=\"text-align: justify;\">\n<div class=\"dnXCYb\" tabindex=\"0\" data-hveid=\"CAEQAQ\">\n<h3 class=\"JlqpRe\"><\/h3>\n<h3 class=\"JlqpRe\"><span class=\"JCzEY ZwRhJd\" style=\"color: #000080;\">Czy mo\u017cna przyj\u0105\u0107 sakrament namaszczenia chorych bez spowiedzi?<\/span><\/h3>\n<\/div>\n<\/div>\n<div id=\"_CQobZLz8LZHOrgSSjYTYCg_5\" class=\"bCOlv\" data-ved=\"2ahUKEwj8pK2v2e_9AhURp4sKHZIGAasQ7NUEegQIARAE\">\n<div class=\"IZE3Td\">\n<div class=\"t0bRye r2fjmd\" data-hveid=\"CAEQBQ\" data-ved=\"2ahUKEwj8pK2v2e_9AhURp4sKHZIGAasQu04oAHoECAEQBQ\">\n<div id=\"CQobZLz8LZHOrgSSjYTYCg__3\">\n<div class=\"wDYxhc\" data-md=\"61\">\n<div class=\"LGOjhe\" style=\"text-align: justify;\" data-attrid=\"wa:\/description\" data-hveid=\"CAUQAA\"><span class=\"ILfuVd\" lang=\"pl\"><span class=\"hgKElc\">\u00a0 \u00a0 \u00a0 \u00a0 \u00a0 Sakrament namaszczenia chorych mo\u017ce by\u0107 udzielany osobie (stan agonalny), kt\u00f3ra jest w stanie \u0142aski u\u015bwi\u0119caj\u0105cej (po spowiedzi) &#8211;\u00a0<b>wyj\u0105tek stanowi\u0105 osoby nie\u015bwiadome, kt\u00f3re nie mog\u0105 si\u0119 wyspowiada\u0107<\/b><\/span><\/span><\/div>\n<div class=\"LGOjhe\" style=\"text-align: justify;\" data-attrid=\"wa:\/description\" data-hveid=\"CAUQAA\"><\/div>\n<div class=\"LGOjhe\" data-attrid=\"wa:\/description\" data-hveid=\"CAUQAA\">\n<div style=\"text-align: justify;\">\n<div class=\"dnXCYb\" tabindex=\"0\" data-hveid=\"CAIQAQ\">\n<h3 class=\"JlqpRe\"><\/h3>\n<h3 class=\"JlqpRe\"><span class=\"JCzEY ZwRhJd\" style=\"color: #000080;\">Co dzieje si\u0119 podczas sakramentu namaszczenia chorych?<\/span><\/h3>\n<\/div>\n<\/div>\n<div id=\"_dgobZI3rPJmbwPAPqYuGsAs_6\" class=\"bCOlv\" data-ved=\"2ahUKEwiN_rjj2e_9AhWZDRAIHamFAbYQ7NUEegQIAhAE\">\n<div class=\"IZE3Td\">\n<div class=\"t0bRye r2fjmd\" data-hveid=\"CAIQBQ\" data-ved=\"2ahUKEwiN_rjj2e_9AhWZDRAIHamFAbYQu04oAHoECAIQBQ\">\n<div id=\"dgobZI3rPJmbwPAPqYuGsAs__3\">\n<div class=\"wDYxhc\" data-md=\"61\">\n<div class=\"LGOjhe\" style=\"text-align: justify;\" data-attrid=\"wa:\/description\" data-hveid=\"CAkQAA\"><span class=\"ILfuVd\" lang=\"pl\"><span class=\"hgKElc\"><b>\u00a0 \u00a0 \u00a0 \u00a0 \u00a0 Sakrament namaszczenia chorych<\/b>\u00a0udziela specjalnej \u0142aski, kt\u00f3ra jednoczy wewn\u0119trznie\u00a0<b>chorego<\/b>\u00a0z m\u0119k\u0105 Chrystusa, dla jego w\u0142asnego dobra oraz dla dobra Ko\u015bcio\u0142a, daj\u0105c mu pocieszenie, pok\u00f3j, si\u0142\u0119 a tak\u017ce przebaczenie grzech\u00f3w, je\u015bli\u00a0<b>chory<\/b>\u00a0nie m\u00f3g\u0142 si\u0119 wyspowiada\u0107.<\/span><\/span><\/div>\n<h3 class=\"LGOjhe\" style=\"text-align: justify;\" data-attrid=\"wa:\/description\" data-hveid=\"CAkQAA\"><\/h3>\n<h3 class=\"LGOjhe\" style=\"text-align: justify;\" data-attrid=\"wa:\/description\" data-hveid=\"CAkQAA\"><span style=\"color: #000080;\">Co daje nam namaszczenie chorych?<\/span><\/h3>\n<p style=\"text-align: justify;\"><b>\u00a0 \u00a0 \u00a0 \u00a0 \u00a0 Duch \u015awi\u0119ty daje choremu moc do przezwyci\u0119\u017cenia pokus z\u0142ego ducha i l\u0119ku przed \u015bmierci\u0105<\/b>. Prowadzi do uzdrowienia duszy, a tak\u017ce uzdrowienia cia\u0142a, je\u015bli taka jest Bo\u017ca wola. W sakramencie namaszczenia chorych cz\u0142owiek dost\u0119puje udzia\u0142u w zbawczej m\u0119ce i \u015bmierci Chrystusa.<\/p>\n<div class=\"LGOjhe\" data-attrid=\"wa:\/description\" data-hveid=\"CAkQAA\">\n<div style=\"text-align: justify;\">\n<div class=\"dnXCYb\" tabindex=\"0\" data-hveid=\"CAMQAQ\">\n<h3 class=\"JlqpRe\"><\/h3>\n<h3 class=\"JlqpRe\"><span class=\"JCzEY ZwRhJd\" style=\"color: #000080;\">Czy zdrowy cz\u0142owiek mo\u017ce przyj\u0105\u0107 sakrament namaszczenia chorych?<\/span><\/h3>\n<\/div>\n<\/div>\n<div id=\"_vgobZMHuCpeUrwTEmpDgAw_6\" class=\"bCOlv\" data-ved=\"2ahUKEwjBxbGF2u_9AhUXyosKHUQNBDwQ7NUEegQIAxAE\">\n<div class=\"IZE3Td\">\n<div class=\"t0bRye r2fjmd\" data-hveid=\"CAMQBQ\" data-ved=\"2ahUKEwjBxbGF2u_9AhUXyosKHUQNBDwQu04oAHoECAMQBQ\">\n<div id=\"vgobZMHuCpeUrwTEmpDgAw__3\">\n<div class=\"wDYxhc\" data-md=\"61\">\n<div class=\"LGOjhe\" style=\"text-align: justify;\" data-attrid=\"wa:\/description\" data-hveid=\"CAcQAA\"><span class=\"ILfuVd\" lang=\"pl\"><span class=\"hgKElc\">\u00a0 \u00a0 \u00a0 \u00a0 \u00a0 Pan Jezus w tym sakramencie umacnia cz\u0142owieka, daj\u0105c mu si\u0142\u0119 do znoszenia cierpienia, a je\u015bli to s\u0142u\u017cy dobru duchowemu chorego powr\u00f3t do zdrowia. Sakrament namaszczenia chorych\u00a0<b>mo\u017ce przyj\u0105\u0107 ka\u017cdy wierz\u0105cy, kt\u00f3rego zdrowie znajduje si\u0119 w powa\u017cnym niebezpiecze\u0144stwie<\/b>. Nie jest to zatem sakrament tylko dla konaj\u0105cych!<\/span><\/span><\/div>\n<div class=\"LGOjhe\" data-attrid=\"wa:\/description\" data-hveid=\"CAcQAA\">\n<div style=\"text-align: justify;\">\n<div class=\"dnXCYb\" tabindex=\"0\" data-hveid=\"CAEQAQ\">\n<h3 class=\"JlqpRe\"><\/h3>\n<h3 class=\"JlqpRe\"><span class=\"JCzEY ZwRhJd\" style=\"color: #000080;\">Ile jest wa\u017cne ostatnie namaszczenie?<\/span><\/h3>\n<\/div>\n<\/div>\n<div id=\"_vgobZMHuCpeUrwTEmpDgAw_5\" class=\"bCOlv\" data-ved=\"2ahUKEwjBxbGF2u_9AhUXyosKHUQNBDwQ7NUEegQIARAE\">\n<div class=\"IZE3Td\">\n<div class=\"t0bRye r2fjmd\" data-hveid=\"CAEQBQ\" data-ved=\"2ahUKEwjBxbGF2u_9AhUXyosKHUQNBDwQu04oAHoECAEQBQ\">\n<div id=\"vgobZMHuCpeUrwTEmpDgAw__6\">\n<div class=\"wDYxhc\" data-md=\"61\">\n<div class=\"LGOjhe\" style=\"text-align: justify;\" data-attrid=\"wa:\/description\" data-hveid=\"CAkQAA\"><span class=\"ILfuVd\" lang=\"pl\"><span class=\"hgKElc\"><b>\u00a0 \u00a0 \u00a0 \u00a0 \u00a0 Mo\u017cna go przyj\u0105\u0107 nawet kilka razy w \u017cyciu \u2013 w przypadku znacz\u0105cego pogorszenia stanu zdrowia lub ponownego zachorowania<\/b>. Sakramentem dla os\u00f3b umieraj\u0105cych jest komunia \u015bw. w formie \u201ewiatyku\u201d, czyli na drog\u0119 do wieczno\u015bci.<\/span><\/span><\/div>\n<div class=\"LGOjhe\" data-attrid=\"wa:\/description\" data-hveid=\"CAkQAA\">\n<div style=\"text-align: justify;\">\n<div class=\"dnXCYb\" tabindex=\"0\" data-hveid=\"CAEQAQ\">\n<h3 class=\"JlqpRe\"><\/h3>\n<h3 class=\"JlqpRe\"><span class=\"JCzEY ZwRhJd\" style=\"color: #000080;\">Co powinno by\u0107 przygotowane w domu chorego je\u015bli ma by\u0107 udzielony sakrament namaszczenia chorych?<\/span><\/h3>\n<\/div>\n<\/div>\n<div id=\"_CwsbZL-0N5f3rgTx8KyoDA_6\" class=\"bCOlv\" data-ved=\"2ahUKEwj_5bmq2u_9AhWXu4sKHXE4C8UQ7NUEegQIARAE\">\n<div class=\"IZE3Td\">\n<div class=\"t0bRye r2fjmd\" data-hveid=\"CAEQBQ\" data-ved=\"2ahUKEwj_5bmq2u_9AhWXu4sKHXE4C8UQu04oAHoECAEQBQ\">\n<div id=\"CwsbZL-0N5f3rgTx8KyoDA__9\">\n<div class=\"wDYxhc\" data-md=\"61\">\n<div class=\"LGOjhe\" style=\"text-align: justify;\" data-attrid=\"wa:\/description\" data-hveid=\"CAgQAA\"><span class=\"ILfuVd\" lang=\"pl\"><span class=\"hgKElc\">\u00a0 \u00a0 \u00a0 \u00a0 \u00a0W pokoju\u00a0<b>chorego powinien by\u0107 przygotowany<\/b>\u00a0st\u00f3\u0142 jak na wizyt\u0119 kol\u0119dow\u0105 kap\u0142ana tzn. bia\u0142y obrus, krzy\u017c i dwie \u015bwiece, naczynie z wod\u0105 \u015bwi\u0119con\u0105 i kropid\u0142o lub ga\u0142\u0105zk\u0119 nadaj\u0105c\u0105 si\u0119 do kropienia; talerzyk z tamponem waty dla otarcia palc\u00f3w z oleju \u015bwi\u0119tego; mo\u017ce te\u017c\u00a0by\u0107\u00a0nieco soli tub plasterek cytryny.<\/span><\/span><\/div>\n<div class=\"LGOjhe\" data-attrid=\"wa:\/description\" data-hveid=\"CAgQAA\">\n<div style=\"text-align: justify;\">\n<div class=\"dnXCYb\" tabindex=\"0\" data-hveid=\"CAMQAQ\">\n<h3 class=\"JlqpRe\"><\/h3>\n<h3 class=\"JlqpRe\"><span class=\"JCzEY ZwRhJd\" style=\"color: #000080;\">Dlaczego 11 lutego namaszczenia chorych udziela si\u0119 w ko\u015bcio\u0142ach?<\/span><\/h3>\n<\/div>\n<\/div>\n<div id=\"_DAwbZPHHOqb4qwGGyYzQBQ_6\" class=\"bCOlv\" data-ved=\"2ahUKEwjx_YKl2-_9AhUm_CoKHYYkA1oQ7NUEegQIAxAE\">\n<div class=\"IZE3Td\">\n<div class=\"t0bRye r2fjmd\" data-hveid=\"CAMQBQ\" data-ved=\"2ahUKEwjx_YKl2-_9AhUm_CoKHYYkA1oQu04oAHoECAMQBQ\">\n<div id=\"DAwbZPHHOqb4qwGGyYzQBQ__9\">\n<div class=\"wDYxhc\" data-md=\"61\">\n<div class=\"LGOjhe\" style=\"text-align: justify;\" data-attrid=\"wa:\/description\" data-hveid=\"CAgQAA\"><span class=\"ILfuVd\" lang=\"pl\"><span class=\"hgKElc\">\u00a0 \u00a0 \u00a0 \u00a0 \u00a0 Dzie\u0144 Chorego wyznaczono na 11 lutego, gdy\u017c\u00a0<b>tego dnia w 1984 roku og\u0142oszono pierwszy w dziejach Ko\u015bcio\u0142a List Apostolski Jana Paw\u0142a II &#8222;Salvifici doloris&#8221;, po\u015bwi\u0119cony warto\u015bci ludzkiego cierpienia<\/b>.<\/span><\/span><span class=\"kX21rb ZYHQ7e\">11<\/span><\/div>\n<\/div>\n<\/div>\n<\/div>\n<\/div>\n<\/div>\n<\/div>\n<\/div>\n<\/div>\n<\/div>\n<\/div>\n<\/div>\n<\/div>\n<\/div>\n<\/div>\n<\/div>\n<\/div>\n<\/div>\n<\/div>\n<\/div>\n<\/div>\n<\/div>\n<\/div>\n<\/div>\n<\/div>\n<\/div>\n<\/div>\n<\/div>\n<\/div>\n<\/div>\n<\/div>\n<\/div>\n<\/div>\n<\/div>\n<\/div>\n<\/div>\n<\/div>\n<\/div>\n<\/div>\n<\/div>\n<\/div>\n<\/div>\n<\/div>\n<\/div>\n<\/div>\n<\/div>\n<\/div>\n<\/div>\n<\/div>\n<\/div>\n<\/div>\n<\/div>\n<\/div>\n<\/div>\n<\/div>\n<\/div>\n<\/div>\n<\/div>\n<\/div>\n<\/div>\n","protected":false},"excerpt":{"rendered":"<p>Sakramentu Namaszczenia chorych udzielamy na wezwanie i \u017cyczenie chorego lub\u00a0 rodziny\u00a0(je\u015bli chory jest nie\u015bwiadomy) Na czym polega namaszczenie chorych? \u00a0 \u00a0 \u00a0 \u00a0 \u00a0 Jest to sakrament, w kt\u00f3rym ci\u0119\u017cko chory otrzymuje przez namaszczenie\u00a0olejem \u015bw. i modlitw\u0119 kap\u0142ana szczeg\u00f3lne \u0142aski, ulg\u0119 w cierpieniu, a niekiedy przywr\u00f3cenie zdrowia. Sakrament ten ma r\u00f3wnie\u017c moc g\u0142adzenia grzech\u00f3w. Chrystus &#8230; <span class=\"more\"><a class=\"more-link\" href=\"https:\/\/milosierdzienagorki.pl\/?page_id=440\">Wi\u0119cej&#8230;<\/a><\/span><\/p>\n","protected":false},"author":4,"featured_media":0,"parent":0,"menu_order":0,"comment_status":"open","ping_status":"open","template":"","meta":[],"_links":{"self":[{"href":"https:\/\/milosierdzienagorki.pl\/index.php?rest_route=\/wp\/v2\/pages\/440"}],"collection":[{"href":"https:\/\/milosierdzienagorki.pl\/index.php?rest_route=\/wp\/v2\/pages"}],"about":[{"href":"https:\/\/milosierdzienagorki.pl\/index.php?rest_route=\/wp\/v2\/types\/page"}],"author":[{"embeddable":true,"href":"https:\/\/milosierdzienagorki.pl\/index.php?rest_route=\/wp\/v2\/users\/4"}],"replies":[{"embeddable":true,"href":"https:\/\/milosierdzienagorki.pl\/index.php?rest_route=%2Fwp%2Fv2%2Fcomments&post=440"}],"version-history":[{"count":7,"href":"https:\/\/milosierdzienagorki.pl\/index.php?rest_route=\/wp\/v2\/pages\/440\/revisions"}],"predecessor-version":[{"id":4668,"href":"https:\/\/milosierdzienagorki.pl\/index.php?rest_route=\/wp\/v2\/pages\/440\/revisions\/4668"}],"wp:attachment":[{"href":"https:\/\/milosierdzienagorki.pl\/index.php?rest_route=%2Fwp%2Fv2%2Fmedia&parent=440"}],"curies":[{"name":"wp","href":"https:\/\/api.w.org\/{rel}","templated":true}]}}