{"id":431,"date":"2015-04-25T08:38:05","date_gmt":"2015-04-25T06:38:05","guid":{"rendered":"http:\/\/milosierdzienagorki.pl\/?page_id=431"},"modified":"2023-03-22T13:36:24","modified_gmt":"2023-03-22T12:36:24","slug":"bierzmowanie","status":"publish","type":"page","link":"https:\/\/milosierdzienagorki.pl\/?page_id=431","title":{"rendered":"Chrzest"},"content":{"rendered":"<h3 style=\"text-align: justify;\"><span style=\"color: #0000ff;\">\u00a0 <span style=\"color: #000080;\">\u00a0<strong><span class=\"s1\">Chrzest &#8211; czym jest?<\/span><\/strong><\/span><\/span><\/h3>\n<p style=\"text-align: justify;\">\u00a0 \u00a0 \u00a0 \u00a0 \u00a0Cena jak\u0105 zechcia\u0142 zap\u0142aci\u0107 B\u00f3g za \u017ale wykorzystan\u0105 wolno\u015b\u0107 cz\u0142owieka w Raju by\u0142a Mi\u0142o\u015b\u0107, \u017cycie Syna, kt\u00f3ry b\u0119d\u0105c prawdziwym Bogiem sta\u0142 si\u0119 tak\u017ce cz\u0142owiekiem i odda\u0142 dobrowolnie swoje \u017cycie za braci i siostry. Dlatego wykupienie cz\u0142owieka nazywane jest dzie\u0142em nowego Stworzenia i powoduje usynowienie (powr\u00f3t) \u00a0po grzechu pierworodnym, a tak\u017ce wyzwolenie\u00a0z jego konsekwencji (\u015bmierci). Sakrament chrztu okre\u015bla si\u0119 wi\u0119c bram\u0105 do \u017cycia<br \/>\ni kr\u00f3lestwa Bo\u017cego, kt\u00f3ry zosta\u0142 przyniesiony przez Chrystusa ludziom, aby mieli \u017cycie.<\/p>\n<p style=\"text-align: justify;\">\u00a0 \u00a0 \u00a0 \u00a0 Warto zauwa\u017cy\u0107, \u017ce sakrament Chrztu \u015bwi\u0119tego ustanowi\u0142 Jezus po swoim Zmartwychwstaniu w s\u0142owach skierowanych do Aposto\u0142\u00f3w: Id\u017acie i nauczajcie wszystkie narody, udzielaj\u0105c im chrztu w imi\u0119 Ojca i Syna i Ducha \u015awi\u0119tego.\u00a0 Misja g\u0142oszenia i udzielania chrztu w Imi\u0119 Tr\u00f3jcy \u015awi\u0119tej jest zadaniem Biskup\u00f3w, b\u0119d\u0105cych bezpo\u015brednimi nast\u0119pcami Aposto\u0142\u00f3w.\u00a0G\u0142oszenie S\u0142owa i udzielania Chrztu powierzyli oni tak\u017ce kap\u0142anom<br \/>\ni diakonom, aby ka\u017cdy m\u00f3g\u0142 by\u0107 ochrzczony i przez to mie\u0107 udzia\u0142 w \u017cyciu wiecznym. \u00a0Obecna praktyka udzielania chrztu dzieciom, wynika z troski ko\u015bcio\u0142a o zbawienie ka\u017cdego cz\u0142owieka.<\/p>\n<h3 class=\"p1\" style=\"text-align: justify;\"><\/h3>\n<h3 class=\"p1\" style=\"text-align: justify;\"><span style=\"color: #000080;\"><strong><span class=\"s1\">Chrzest Dzieci wa\u017cne informacje:<\/span><\/strong><\/span><\/h3>\n<p class=\"p1\" style=\"text-align: justify;\">\u00a0 \u00a0 \u00a0 \u00a0 \u00a0 Sakrament chrztu \u015bwi\u0119tego udzielany jest w naszej parafii w\u00a0 niedziel\u0119 o godz. 12.00, w pierwszy i drugi dzie\u0144 \u015awi\u0105t Wielkanocnych oraz Bo\u017cego Narodzenia na Mszy \u015bw. o godz. 12.00 oraz w ka\u017cd\u0105 sobot\u0119 o godz. 15.15. Termin po uzgodnieniu w kancelarii mo\u017ce by\u0107 inny.<\/p>\n<p class=\"p1\" style=\"text-align: justify;\">&#8211; Dat\u0119 chrztu ustalamy w kancelarii parafialnej (czynna od wtorku do pi\u0105tku w godzinach 16.00 &#8211; 17.30)<\/p>\n<p class=\"p1\" style=\"text-align: justify;\">&#8211; W ci\u0105gu dw\u00f3ch tygodni przed planowanym terminem chrztu (nie wcze\u015bniej) nale\u017cy w kancelarii parafialnej zg\u0142osi\u0107 dziecko do sakramentu przedstawiaj\u0105c nast\u0119puj\u0105ce dokumenty.<\/p>\n<p class=\"p1\" style=\"text-align: justify;\">&#8211; akt urodzenia dziecka z Urz\u0119du Stanu Cywilnego w celu spisania danych (tylko do wgl\u0105du),<\/p>\n<p class=\"p1\" style=\"text-align: justify;\">&#8211; za\u015bwiadczenia rodzic\u00f3w chrzestnych wystawione przez<strong> parafi\u0119 miejsca ich zamieszkania<\/strong> (nie zameldowania!!!), je\u017celi nie s\u0105 z naszej parafii,<\/p>\n<p class=\"p1\" style=\"text-align: justify;\">&#8211; dane rodzic\u00f3w i chrzestnych (imiona, nazwiska, data urodzenia, adresy aktualnego zamieszkania),<\/p>\n<p class=\"p1\" style=\"text-align: justify;\">&#8211; rodzice i chrzestni sk\u0142adaj\u0105 podpisy w Ksi\u0119gach Chrztu 10 minut przed rozpocz\u0119ciem Mszy \u015awi\u0119tej w zakrystii ko\u015bcio\u0142a.<\/p>\n<h3 style=\"text-align: justify;\"><\/h3>\n<h3 style=\"text-align: justify;\"><span style=\"color: #000080;\"><strong><span class=\"s1\">Kto mo\u017ce by\u0107 Ojcem lub Matk\u0105 Chrzestn\u0105 (rodzice chrzestni jak sama nazwa wskazuje to m\u0119\u017cczyzna i kobieta,\u00a0\u00a0w wyj\u0105tkowych sytuacjach mo\u017ce by\u0107 jeden chrzestny)<\/span><\/strong><\/span><\/h3>\n<p style=\"text-align: justify;\">&#8211; Wed\u0142ug Kodeksu Prawa Kanonicznego do przyj\u0119cia zadania chrzestnego mo\u017ce by\u0107 dopuszczony ten, kto:<\/p>\n<p style=\"text-align: justify;\">&#8211; jest wyznaczony przez przyjmuj\u0105cego chrzest albo przez jego rodzic\u00f3w, albo przez tego, kto ich zast\u0119puje, a gdy tych nie ma, przez proboszcza lub szafarza chrztu i posiada wymagane do tego kwalifikacje oraz intencje pe\u0142nienia tego zadania;<\/p>\n<p style=\"text-align: justify;\">&#8211; uko\u0144czy\u0142 16 lat i przyj\u0105\u0142 sakrament bierzmowania;<\/p>\n<p style=\"text-align: justify;\">&#8211; jest praktykuj\u0105cym katolikiem,<\/p>\n<p style=\"text-align: justify;\">&#8211; \u017cyje zgodne z wiar\u0105 i moralno\u015bci\u0105 chrze\u015bcijanina;<\/p>\n<p style=\"text-align: justify;\">&#8211; posiadaj\u0105 \u015blub ko\u015bcielny (<span style=\"color: #ff0000;\"><strong>osoby, kt\u00f3re \u017cyj\u0105 w zwi\u0105zkach cywilnych lub\u00a0partnerskich na spos\u00f3b ma\u0142\u017ce\u0144ski &#8211;\u00a0NIE MOG\u0104 by\u0107 rodzicami chrzestnymi!!!<\/strong><\/span>)<\/p>\n<p style=\"text-align: justify;\">&#8211; \u017cyje samotnie (kawaler, panna)<\/p>\n<h3 class=\"p1\" style=\"text-align: justify;\"><\/h3>\n<h3 class=\"p1\" style=\"text-align: justify;\"><span style=\"color: #000080;\"><strong><span class=\"s1\">Chrzest doros\u0142ych<span style=\"color: #000080;\"><strong><span class=\"s1\"><span class=\"s1\"><br \/>\n<\/span><span class=\"s1\" style=\"color: #000000;\">\u00a0W przypadku os\u00f3b doros\u0142ych, proszone s\u0105 one o bezpo\u015bredni kontakt z kt\u00f3rym\u015b z kap\u0142an\u00f3w pracuj\u0105cych w parafii.<\/span><\/span><\/strong><\/span><\/span><\/strong><\/span><\/h3>\n","protected":false},"excerpt":{"rendered":"<p>\u00a0 \u00a0Chrzest &#8211; czym jest? \u00a0 \u00a0 \u00a0 \u00a0 \u00a0Cena jak\u0105 zechcia\u0142 zap\u0142aci\u0107 B\u00f3g za \u017ale wykorzystan\u0105 wolno\u015b\u0107 cz\u0142owieka w Raju by\u0142a Mi\u0142o\u015b\u0107, \u017cycie Syna, kt\u00f3ry b\u0119d\u0105c prawdziwym Bogiem sta\u0142 si\u0119 tak\u017ce cz\u0142owiekiem i odda\u0142 dobrowolnie swoje \u017cycie za braci i siostry. Dlatego wykupienie cz\u0142owieka nazywane jest dzie\u0142em nowego Stworzenia i powoduje usynowienie (powr\u00f3t) \u00a0po &#8230; <span class=\"more\"><a class=\"more-link\" href=\"https:\/\/milosierdzienagorki.pl\/?page_id=431\">Wi\u0119cej&#8230;<\/a><\/span><\/p>\n","protected":false},"author":4,"featured_media":0,"parent":0,"menu_order":0,"comment_status":"open","ping_status":"open","template":"","meta":[],"_links":{"self":[{"href":"https:\/\/milosierdzienagorki.pl\/index.php?rest_route=\/wp\/v2\/pages\/431"}],"collection":[{"href":"https:\/\/milosierdzienagorki.pl\/index.php?rest_route=\/wp\/v2\/pages"}],"about":[{"href":"https:\/\/milosierdzienagorki.pl\/index.php?rest_route=\/wp\/v2\/types\/page"}],"author":[{"embeddable":true,"href":"https:\/\/milosierdzienagorki.pl\/index.php?rest_route=\/wp\/v2\/users\/4"}],"replies":[{"embeddable":true,"href":"https:\/\/milosierdzienagorki.pl\/index.php?rest_route=%2Fwp%2Fv2%2Fcomments&post=431"}],"version-history":[{"count":21,"href":"https:\/\/milosierdzienagorki.pl\/index.php?rest_route=\/wp\/v2\/pages\/431\/revisions"}],"predecessor-version":[{"id":4662,"href":"https:\/\/milosierdzienagorki.pl\/index.php?rest_route=\/wp\/v2\/pages\/431\/revisions\/4662"}],"wp:attachment":[{"href":"https:\/\/milosierdzienagorki.pl\/index.php?rest_route=%2Fwp%2Fv2%2Fmedia&parent=431"}],"curies":[{"name":"wp","href":"https:\/\/api.w.org\/{rel}","templated":true}]}}