{"id":423,"date":"2015-04-25T08:33:59","date_gmt":"2015-04-25T06:33:59","guid":{"rendered":"http:\/\/milosierdzienagorki.pl\/?page_id=423"},"modified":"2015-05-09T11:49:45","modified_gmt":"2015-05-09T09:49:45","slug":"kaplica-adoracji","status":"publish","type":"page","link":"https:\/\/milosierdzienagorki.pl\/?page_id=423","title":{"rendered":"Kaplica Adoracji"},"content":{"rendered":"<p style=\"text-align: justify;\">Pot\u0119\u017cnym narz\u0119dziem w szukaniu Boga jest adoracja. Mo\u017cliwo\u015b\u0107 wpatrywania si\u0119 w\u00a0Jezusa eucharystycznego w naszej parafii zapewnia nam Kaplica Adoracji. Poni\u017cszy artyku\u0142 niech b\u0119dzie pomoc\u0105 w\u00a0odkrywaniu warto\u015bci adoracji w \u017cyciu na co dzie\u0144.<\/p>\n<p style=\"text-align: justify;\">S\u0142owo adoracja znaczy uwielbia\u0107, czci\u0107 Boga z mi\u0142o\u015bci\u0105, szacunkiem i dzi\u0119kczynieniem w miejscu Jego obecno\u015bci, w Jego wspania\u0142o\u015bci i ca\u0142ym dziele zbawienia. Adoracja jest \u015bwi\u0119towaniem obecno\u015bci Boga, to rado\u015b\u0107, \u017ce mo\u017cna spotka\u0107 Jezusa i razem z Nim by\u0107. W Naj\u015bwi\u0119tszym Sakramencie Jezus jest dla ka\u017cdego, On widzi i cieszy si\u0119\u00a0z obecno\u015bci ka\u017cdego cz\u0142owieka.<\/p>\n<p style=\"text-align: justify;\">Gdy adoruje si\u0119 Jezusa nie trzeba wyt\u0119\u017ca\u0107 umys\u0142u, nie trzeba m\u00f3wi\u0107, wysila\u0107 si\u0119, ani odmawia\u0107 modlitw, wystarczy siedzie\u0107, patrze\u0107 i trwa\u0107 w ciszy i milczeniu przed Bogiem.(\u201etraci\u0107 dla Niego czas\u201d). Na pocz\u0105tku ka\u017cdej adoracji warto\u00a0 u\u015bwiadomi\u0107 sobie realn\u0105 obecno\u015b\u0107 Pana Boga w Naj\u015bwi\u0119tszym Sakramencie po przez wewn\u0119trzne wyciszenie i zewn\u0119trzny gest (np. uczynienie znaku krzy\u017ca). W postawie ciszy i milczenia, obecno\u015b\u0107 Jezusa przenika serce i\u00a0 \u015bwiadomo\u015b\u0107 cz\u0142owieka, \u017ce Jezus \u00a0patrzy na nas i dotyka poranionego serca.<\/p>\n<p style=\"text-align: justify;\">Czasem w sercu mog\u0105 pojawia\u0107 si\u0119 pytania i budzi\u0107 pragnienia wypowiedzenia wszystkiego co ci\u0105\u017cy, co utrudnia \u00a0\u017cycie. W\u00f3wczas trzeba \u00a0otworzy\u0107 si\u0119 \u00a0przed Panem i \u00a0powiedzie\u0107 Mu to wszystko, niczego \u00a0nie ukrywaj\u0105c i niczego si\u0119 nie wstydz\u0105c.\u00a0 Cz\u0142owiek, nikomu nie mo\u017ce m\u00f3wi\u0107 o sobie wszystkiego, tak bardzo jak tylko Jezusowi, kt\u00f3ry \u00a0zrozumie, wys\u0142ucha , umocni \u00a0i da si\u0142\u0119 do \u017cycia. Pomimo tego, \u017ce B\u00f3g ka\u017cdego doskonale zna to m\u00f3wienie o sobie Jezusowi, pomaga nam budowa\u0107 \u017cyw\u0105 relacj\u0119 z Ojcem przez Syna w Duchu \u015awi\u0119tym. Nie b\u00f3j si\u0119! Pan, z czu\u0142o\u015bci\u0105 zatroszczy si\u0119 o chore zakamarki serca, przytuli do siebie z mi\u0142o\u015bci\u0105 i delikatno\u015bci\u0105<br \/>\no nic nie pytaj\u0105c.<\/p>\n<p style=\"text-align: justify;\">W adoracji, Pan po prostu jest przymnie i pragnie bym ja by\u0142 przy Nim. Dokonuje \u00a0si\u0119 tu inny spos\u00f3b \u00a0poznania, ca\u0142kowicie wewn\u0119trzny, intymny, totalnie osobowy, w najwi\u0119kszej blisko\u015bci. B\u00f3g mnie pragnie i dlatego jestem na adoracji. Pozwalam Jezusowi, by mnie przenika\u0142, wzi\u0105\u0142 z mojego serca to co chce i da\u0142 mi to co chce. To co mog\u0119 zrobi\u0107, to czeka\u0107 i by\u0107 obecny, bo adoracja jest t\u0119sknym oczekiwaniem i s\u0142uchaniem. Czekanie na Pana \u00a0przemienia mnie, uczy cierpliwo\u015bci, czyni uwa\u017cnym, kontemplacyjnym i uwalnia od po\u015bpiechu, od p\u0119dzenia za tym co nie istotne co nie przynosi \u00a0duchowego po\u017cytku . Adoracja otwiera moje serce na Boga i drugiego cz\u0142owieka, \u00a0sprawia \u017ce staje si\u0119 mi\u0142ym, \u0142agodnym i wyrozumia\u0142ym dla siebie i innych a tak\u017ce \u00a0pomaga uwolni\u0107 si\u0119 od presji manipulowania \u00a0innymi i bycia agresywnym. Adoracja to czas uwielbienia, podziwu, nape\u0142niania si\u0119 mi\u0142o\u015bci\u0105 , wra\u017cliwo\u015bci\u0105 i innymi darami. Jest to \u017ar\u00f3d\u0142o si\u0142y do \u017cycia i stawania si\u0119 nowym cz\u0142owiekiem nape\u0142nionym przemieniaj\u0105c\u0105 obecno\u015bci\u0105 Chrystusa.<\/p>\n<p style=\"text-align: right;\">Siostra Goretti<\/p>\n<p style=\"text-align: left;\">\n<div class=\"ngg-galleryoverview\" id=\"ngg-gallery-a0b9aa4d370777bf197f1d3358dd1a05-423\">\n\n\n\t<!-- Thumbnails -->\n    \t\t\n\t<div id=\"ngg-image-193\" class=\"ngg-gallery-thumbnail-box\"  >\n\t\t<div class=\"ngg-gallery-thumbnail\" >\n\t\t\t<a href=\"https:\/\/milosierdzienagorki.pl\/wp-content\/gallery\/kaplica-adoracji\/IMG_1295.JPG\"\n               title=\" \"\n               class=\"ngg-fancybox\" rel=\"908\" data-image-id=\"193\" data-src=\"https:\/\/milosierdzienagorki.pl\/wp-content\/gallery\/kaplica-adoracji\/IMG_1295.JPG\" data-thumbnail=\"https:\/\/milosierdzienagorki.pl\/wp-content\/gallery\/kaplica-adoracji\/thumbs\/thumbs_IMG_1295.JPG\" data-title=\"IMG_1295.JPG\" data-description=\" \" >\n\t\t\t\t\t\t\t\t<img title=\"IMG_1295.JPG\" alt=\"IMG_1295.JPG\" src=\"https:\/\/milosierdzienagorki.pl\/wp-content\/gallery\/kaplica-adoracji\/thumbs\/thumbs_IMG_1295.JPG\" width='120' height='90' \/>\n\t\t\t\t\t\t\t<\/a>\n\t\t<\/div>\n\t<\/div>\n\n            \n \t\t\n\t<div id=\"ngg-image-194\" class=\"ngg-gallery-thumbnail-box\"  >\n\t\t<div class=\"ngg-gallery-thumbnail\" >\n\t\t\t<a href=\"https:\/\/milosierdzienagorki.pl\/wp-content\/gallery\/kaplica-adoracji\/IMG_1301.JPG\"\n               title=\" \"\n               class=\"ngg-fancybox\" rel=\"908\" data-image-id=\"194\" data-src=\"https:\/\/milosierdzienagorki.pl\/wp-content\/gallery\/kaplica-adoracji\/IMG_1301.JPG\" data-thumbnail=\"https:\/\/milosierdzienagorki.pl\/wp-content\/gallery\/kaplica-adoracji\/thumbs\/thumbs_IMG_1301.JPG\" data-title=\"IMG_1301.JPG\" data-description=\" \" >\n\t\t\t\t\t\t\t\t<img title=\"IMG_1301.JPG\" alt=\"IMG_1301.JPG\" src=\"https:\/\/milosierdzienagorki.pl\/wp-content\/gallery\/kaplica-adoracji\/thumbs\/thumbs_IMG_1301.JPG\" width='120' height='90' \/>\n\t\t\t\t\t\t\t<\/a>\n\t\t<\/div>\n\t<\/div>\n\n            \n \t\t\n\t<div id=\"ngg-image-195\" class=\"ngg-gallery-thumbnail-box\"  >\n\t\t<div class=\"ngg-gallery-thumbnail\" >\n\t\t\t<a href=\"https:\/\/milosierdzienagorki.pl\/wp-content\/gallery\/kaplica-adoracji\/IMG_1305.JPG\"\n               title=\" \"\n               class=\"ngg-fancybox\" rel=\"908\" data-image-id=\"195\" data-src=\"https:\/\/milosierdzienagorki.pl\/wp-content\/gallery\/kaplica-adoracji\/IMG_1305.JPG\" data-thumbnail=\"https:\/\/milosierdzienagorki.pl\/wp-content\/gallery\/kaplica-adoracji\/thumbs\/thumbs_IMG_1305.JPG\" data-title=\"IMG_1305.JPG\" data-description=\" \" >\n\t\t\t\t\t\t\t\t<img title=\"IMG_1305.JPG\" alt=\"IMG_1305.JPG\" src=\"https:\/\/milosierdzienagorki.pl\/wp-content\/gallery\/kaplica-adoracji\/thumbs\/thumbs_IMG_1305.JPG\" width='120' height='90' \/>\n\t\t\t\t\t\t\t<\/a>\n\t\t<\/div>\n\t<\/div>\n\n            \n \t \t\n\t<!-- Pagination -->\n \t<div class='ngg-clear'><\/div> \t\n<\/div>\n\n<\/p>\n<p style=\"text-align: left;\">\n","protected":false},"excerpt":{"rendered":"<p>Pot\u0119\u017cnym narz\u0119dziem w szukaniu Boga jest adoracja. Mo\u017cliwo\u015b\u0107 wpatrywania si\u0119 w\u00a0Jezusa eucharystycznego w naszej parafii zapewnia nam Kaplica Adoracji. Poni\u017cszy artyku\u0142 niech b\u0119dzie pomoc\u0105 w\u00a0odkrywaniu warto\u015bci adoracji w \u017cyciu na co dzie\u0144. S\u0142owo adoracja znaczy uwielbia\u0107, czci\u0107 Boga z mi\u0142o\u015bci\u0105, szacunkiem i dzi\u0119kczynieniem w miejscu Jego obecno\u015bci, w Jego wspania\u0142o\u015bci i ca\u0142ym dziele zbawienia. Adoracja &#8230; <span class=\"more\"><a class=\"more-link\" href=\"https:\/\/milosierdzienagorki.pl\/?page_id=423\">Wi\u0119cej&#8230;<\/a><\/span><\/p>\n","protected":false},"author":2,"featured_media":0,"parent":0,"menu_order":0,"comment_status":"closed","ping_status":"closed","template":"","meta":[],"_links":{"self":[{"href":"https:\/\/milosierdzienagorki.pl\/index.php?rest_route=\/wp\/v2\/pages\/423"}],"collection":[{"href":"https:\/\/milosierdzienagorki.pl\/index.php?rest_route=\/wp\/v2\/pages"}],"about":[{"href":"https:\/\/milosierdzienagorki.pl\/index.php?rest_route=\/wp\/v2\/types\/page"}],"author":[{"embeddable":true,"href":"https:\/\/milosierdzienagorki.pl\/index.php?rest_route=\/wp\/v2\/users\/2"}],"replies":[{"embeddable":true,"href":"https:\/\/milosierdzienagorki.pl\/index.php?rest_route=%2Fwp%2Fv2%2Fcomments&post=423"}],"version-history":[{"count":8,"href":"https:\/\/milosierdzienagorki.pl\/index.php?rest_route=\/wp\/v2\/pages\/423\/revisions"}],"predecessor-version":[{"id":909,"href":"https:\/\/milosierdzienagorki.pl\/index.php?rest_route=\/wp\/v2\/pages\/423\/revisions\/909"}],"wp:attachment":[{"href":"https:\/\/milosierdzienagorki.pl\/index.php?rest_route=%2Fwp%2Fv2%2Fmedia&parent=423"}],"curies":[{"name":"wp","href":"https:\/\/api.w.org\/{rel}","templated":true}]}}