{"id":2571,"date":"2017-07-02T11:04:35","date_gmt":"2017-07-02T09:04:35","guid":{"rendered":"http:\/\/milosierdzienagorki.pl\/?page_id=2571"},"modified":"2021-03-11T12:00:55","modified_gmt":"2021-03-11T11:00:55","slug":"szafarze-nadzwyczajni-komunii-swietej-lista","status":"publish","type":"page","link":"https:\/\/milosierdzienagorki.pl\/?page_id=2571","title":{"rendered":"Nadzwyczajni Szafarze Komunii \u015awi\u0119tej"},"content":{"rendered":"<p style=\"text-align: justify;\">\u00a0\u00a0\u00a0\u00a0\u00a0\u00a0\u00a0\u00a0\u00a0\u00a0\u00a0 <strong>W naszej parafii pos\u0142uguj\u0105 Nadzwyczajni Szafarze Komunii \u015awi\u0119tej i Akolici ustanowieni przez Ksi\u0119dza Arcybiskupa Metropolit\u0119 Warmi\u0144skiego.<\/strong><\/p>\n<p style=\"text-align: justify;\">\u00a0\u00a0\u00a0\u00a0\u00a0\u00a0 Nadzwyczajni szafarze Eucharystii to osoby \u015bwieckie, uprawnione do udzielania Komunii \u015bw. z pos\u0142ug\u0105 tak\u0105 udaj\u0105 si\u0119 do chorych, ale r\u00f3wnie\u017c mog\u0105 udziela\u0107 Komunii \u015bw. w ko\u015bciele &#8211; np. w czasie uroczysto\u015bci w parafii lub Mszy \u015bw. I tu nie chodzi o to, aby wyr\u0119cza\u0107 ksi\u0119\u017cy w czasie Mszy \u015bw. czy wr\u0119cz ich zast\u0105pi\u0107. Oni s\u0105 nadzwyczajnymi szafarzami, czyli tymi, kt\u00f3rzy pomagaj\u0105.<\/p>\n<p style=\"text-align: justify;\">\u00a0\u00a0\u00a0\u00a0\u00a0\u00a0 Szafarzy mianuje biskup diecezji po specjalnym kursie przygotowawczym. Nadzwyczajnymi szafarzami Komunii \u015bw., mog\u0105 by\u0107 m\u0119\u017cczy\u017ani w wieku od 35 lat. Wymagana jest dojrza\u0142o\u015b\u0107 w wierze: &#8222;zdrowa pobo\u017cno\u015b\u0107 eucharystyczna i intensywne \u017cycie sakramentalne, wzorowe \u017cycie moralne, aktywne uczestniczenie w \u017cyciu parafialnym, powa\u017canie duchowie\u0144stwa i wiernych, otwarta i s\u0142u\u017cebna postawa wobec drugich, serdeczno\u015b\u0107 oraz \u0142atwo\u015b\u0107 nawi\u0105zywania kontakt\u00f3w zw\u0142aszcza z osobami chorymi i w podesz\u0142ym wieku&#8221;.<\/p>\n<p style=\"text-align: justify;\">\u00a0\u00a0\u00a0\u00a0\u00a0\u00a0\u00a0 W Polsce godno\u015b\u0107 taka ustanawiana jest od 1990 r., a mo\u017cliwo\u015b\u0107 tak\u0105 wprowadzi\u0142 Sob\u00f3r Watyka\u0144ski II.<\/p>\n<p><strong>AKOLICI:<\/strong><\/p>\n<p>Pan Zdzis\u0142aw Wasilewski<\/p>\n<p><strong>NADZWYCZAJNI SZAFARZE KOMUNII \u015aWI\u0118TEJ:<\/strong><\/p>\n<p>Pan Piotr Kowalski<\/p>\n<p>Pan Miros\u0142aw Lenda<\/p>\n<p>Pan Ryszard W\u0105sowski<\/p>\n<p>Pan Marian Wo\u0142oszyn<\/p>\n<p>Pan Micha\u0142 Nowakowski<\/p>\n<p>Pan Tomasz \u015awi\u0119cikowski<\/p>\n<p>Pan Wies\u0142aw Roma\u0144ski<\/p>\n<p>Pan Dariusz Sargalski<\/p>\n<p>Pan Sebastian Twardowski<\/p>\n<p>&nbsp;<\/p>\n<hr \/>\n<p>&nbsp;<\/p>\n<h3 style=\"text-align: center;\"><span style=\"color: #333399;\"><strong><span style=\"text-decoration: underline;\">Zobowi\u0105zuj\u0105ca i powa\u017cna pos\u0142uga Nadzwyczajnego Szafarza Komunii \u015bwi\u0119tej.<\/span><\/strong><\/span><\/h3>\n<p style=\"text-align: justify;\">\u201eJeste\u015bcie lud\u017ami szczeg\u00f3lnego zaufania, kt\u00f3rym powierza si\u0119 troskliw\u0105 odpowiedzialno\u015b\u0107 za eucharystyczne cia\u0142o i krew Chrystusa i godne rozdzielanie Komunii \u015bwi\u0119tej wiernym\u201d &#8211; m\u00f3wi\u0142 prymas Polski abp J\u00f3zef Kowalczyk podczas adwentowego dnia skupienia dla szafarzy z archidiecezji gnie\u017anie\u0144skiej.<\/p>\n<p style=\"text-align: justify;\"><strong>Kim jest Nadzwyczajny Szafarz Komunii \u015bw.?<\/strong><\/p>\n<p style=\"text-align: justify;\">Nadzwyczajny Szafarz Komunii \u015bwi\u0119tej pomaga kap\u0142anom i diakonom w rozdzielaniu Komunii \u015bwi\u0119tej podczas Eucharystii b\u0105d\u017a zanosi J\u0105 chorym. To s\u0105 dwa zasadnicze zadania, do kt\u00f3rych zostaje upowa\u017cniany. Funkcja NSK\u015a jest nadzwyczajna nie przez to, \u017ce obdarza si\u0119 ni\u0105 jak\u0105\u015b wybitn\u0105 osob\u0119 o szczeg\u00f3lnych zdolno\u015bciach, ale przez to, \u017ce musz\u0105 zaistnie\u0107 pewne warunki (nadzwyczajne), aby mog\u0142a ona pomaga\u0107 w udzielaniu Komunii \u015bw. Owe warunki okre\u015bla Ko\u015bci\u00f3\u0142. Nale\u017c\u0105 do nich: du\u017ca liczba wiernych przyst\u0119puj\u0105cych do Komunii \u015bw. i brak szafarzy zwyczajnych; zaj\u0119cia duszpasterskie, kt\u00f3rymi aktualnie zaj\u0119ci s\u0105 szafarze zwyczajni oraz z\u0142y stan zdrowia b\u0105d\u017a podesz\u0142y wiek kap\u0142ana, kt\u00f3re utrudniaj\u0105 udzielanie Komunii \u015bw.<\/p>\n<p style=\"text-align: justify;\"><strong>Kto mo\u017ce zosta\u0107 Nadzwyczajnym Szafarzem Komunii \u015bwi\u0119tej i jakie warunki powinien spe\u0142nia\u0107?<\/strong><\/p>\n<p style=\"text-align: justify;\">Nadzwyczajnym Szafarzem Komunii \u015bwi\u0119tej mo\u017ce zosta\u0107 m\u0119\u017cczyzna w wieku od 35 do 65 roku \u017cycia. Powinno go cechowa\u0107 dojrza\u0142e \u017cycie chrze\u015bcija\u0144skie, zaanga\u017cowanie, powa\u017canie w\u015br\u00f3d wiernych i duchownych, sprawno\u015b\u0107 fizyczna i psychiczna oraz otwarto\u015b\u0107 na kontakty z osobami chorymi i w podesz\u0142ym wieku. Trzeba pami\u0119ta\u0107, \u017ce kandydat\u00f3w na Nadzwyczajnych Szafarzy Komunii \u015bwi\u0119tej proponuje proboszcz w porozumieniu z wikariuszami. Mo\u017ce te\u017c w tej kwestii zasi\u0119gn\u0105\u0107 opinii rady parafialnej. Nast\u0119pnie, po rozeznaniu sytuacji w parafii, zwraca si\u0119 z pro\u015bb\u0105 do kurii biskupiej o przygotowanie i upowa\u017cnienie swojego parafianina do pomocy w udzielaniu Komunii \u015bwi\u0119tej i zanoszenia Jej chorym. Nie ma wi\u0119c czego\u015b w rodzaju konkursu na NSK\u015a\u2026<\/p>\n<p style=\"text-align: justify;\"><strong>Co o szafarzach s\u0105dz\u0105 ludzie w naszej parafii?<\/strong><\/p>\n<p style=\"text-align: justify;\">NSK\u015a w naszej parafii s\u0105 od 2008 roku Trzeba przyzna\u0107, \u017ce w niekt\u00f3rych parafiach, pocz\u0105tki by\u0142y trudne. Byli tacy wierni, kt\u00f3rzy nie chcieli przyjmowa\u0107 Komunii \u015bw. z r\u0105k osoby \u015bwieckiej. My\u015bl\u0119 jednak, \u017ce min\u0105\u0142 ju\u017c czas zdziwienia, \u017ce wierni \u015bwieccy w Ko\u015bciele, ilekro\u0107 oczywi\u015bcie zajdzie taka potrzeba, spe\u0142niaj\u0105 i takie funkcje. Trzeba podkre\u015bli\u0107, \u017ce czyni\u0105 to zawsze z mandatu Ko\u015bcio\u0142a. W naszej diecezji NSK\u015a s\u0105 upowa\u017cniani przede wszystkim do pos\u0142ugi chorym, i to oni mog\u0105 da\u0107 \u015bwiadectwo o nadzwyczajnych szafarzach. S\u0142ysza\u0142em wiele takich \u015bwiadectw. Ci chorzy, kt\u00f3rzy korzystaj\u0105 z ich pos\u0142ugi, dzi\u015b nie wyobra\u017caj\u0105 ju\u017c sobie Dnia Pa\u0144skiego bez wizyty NSK\u015a, kt\u00f3ry przynosi im Jezusa Eucharystycznego.<\/p>\n<p style=\"text-align: justify;\">Czasem spotyka si\u0119 ludzi, kt\u00f3rzy rozdaj\u0105 ulotki przed ko\u015bcio\u0142ami, w kt\u00f3rych nawo\u0142uje si\u0119 do \u201ebojkotu\u201d NSK\u015a przez nieprzyjmowanie Komunii \u015bwi\u0119tej z ich r\u0105k. Warto wspomnie\u0107, \u017ce ju\u017c w Ko\u015bciele pierwszych wiek\u00f3w istnia\u0142a praktyka zanoszenia Cia\u0142a Pa\u0144skiego tym wiernym, kt\u00f3rzy z r\u00f3\u017cnych przyczyn nie mogli uczestniczy\u0107 w Eucharystii. Z czasem ta praktyka zanik\u0142a. Po Soborze Watyka\u0144skim II Ko\u015bci\u00f3\u0142 uzna\u0142, \u017ce funkcja nadzwyczajnego szafarza Komunii \u015bwi\u0119tej jest dzisiaj potrzebna. Oczywi\u015bcie, jak wsz\u0119dzie, mog\u0105 si\u0119 zdarzy\u0107 pewne nadu\u017cycia np. wyr\u0119czanie si\u0119 ksi\u0119\u017cy przez NSK\u015a. O takich sytuacjach nale\u017cy powiadomi\u0107, aby wszystko, co czynimy &#8211; i duchowni i \u015bwieccy &#8211; odbywa\u0142o si\u0119 w duchu Ko\u015bcio\u0142a katolickiego i dobrze rozumianej liturgii.<\/p>\n<p style=\"text-align: justify;\"><strong>Nadzwyczajni Szafarze Komunii \u015bwi\u0119tej zanosz\u0105 cia\u0142o Chrystusa tam, gdzie najwi\u0119cej cierpienia i\u00a0samotno\u015bci. Pomagaj\u0105 kap\u0142anom tam, gdzie tamci cz\u0119sto mog\u0105 nie\u00a0dawa\u0107 rady.<\/strong><\/p>\n<p style=\"text-align: right;\">Autor: Piotr Kowalski<\/p>\n","protected":false},"excerpt":{"rendered":"<p>\u00a0\u00a0\u00a0\u00a0\u00a0\u00a0\u00a0\u00a0\u00a0\u00a0\u00a0 W naszej parafii pos\u0142uguj\u0105 Nadzwyczajni Szafarze Komunii \u015awi\u0119tej i Akolici ustanowieni przez Ksi\u0119dza Arcybiskupa Metropolit\u0119 Warmi\u0144skiego. \u00a0\u00a0\u00a0\u00a0\u00a0\u00a0 Nadzwyczajni szafarze Eucharystii to osoby \u015bwieckie, uprawnione do udzielania Komunii \u015bw. z pos\u0142ug\u0105 tak\u0105 udaj\u0105 si\u0119 do chorych, ale r\u00f3wnie\u017c mog\u0105 udziela\u0107 Komunii \u015bw. w ko\u015bciele &#8211; np. w czasie uroczysto\u015bci w parafii lub Mszy \u015bw. I &#8230; <span class=\"more\"><a class=\"more-link\" href=\"https:\/\/milosierdzienagorki.pl\/?page_id=2571\">Wi\u0119cej&#8230;<\/a><\/span><\/p>\n","protected":false},"author":3,"featured_media":0,"parent":0,"menu_order":0,"comment_status":"closed","ping_status":"open","template":"","meta":[],"_links":{"self":[{"href":"https:\/\/milosierdzienagorki.pl\/index.php?rest_route=\/wp\/v2\/pages\/2571"}],"collection":[{"href":"https:\/\/milosierdzienagorki.pl\/index.php?rest_route=\/wp\/v2\/pages"}],"about":[{"href":"https:\/\/milosierdzienagorki.pl\/index.php?rest_route=\/wp\/v2\/types\/page"}],"author":[{"embeddable":true,"href":"https:\/\/milosierdzienagorki.pl\/index.php?rest_route=\/wp\/v2\/users\/3"}],"replies":[{"embeddable":true,"href":"https:\/\/milosierdzienagorki.pl\/index.php?rest_route=%2Fwp%2Fv2%2Fcomments&post=2571"}],"version-history":[{"count":9,"href":"https:\/\/milosierdzienagorki.pl\/index.php?rest_route=\/wp\/v2\/pages\/2571\/revisions"}],"predecessor-version":[{"id":3980,"href":"https:\/\/milosierdzienagorki.pl\/index.php?rest_route=\/wp\/v2\/pages\/2571\/revisions\/3980"}],"wp:attachment":[{"href":"https:\/\/milosierdzienagorki.pl\/index.php?rest_route=%2Fwp%2Fv2%2Fmedia&parent=2571"}],"curies":[{"name":"wp","href":"https:\/\/api.w.org\/{rel}","templated":true}]}}